{"id":13547,"date":"2023-09-23T13:20:07","date_gmt":"2023-09-23T13:20:07","guid":{"rendered":"https:\/\/gattonirubinetteria.it\/g-news\/"},"modified":"2023-10-25T15:33:02","modified_gmt":"2023-10-25T15:33:02","slug":"g-news","status":"publish","type":"page","link":"https:\/\/gattonirubinetteria.it\/es\/g-news\/","title":{"rendered":"G News"},"content":{"rendered":"<div class=\"wpb-content-wrapper\"><p>[vc_row row_height_percent=\u00bb47&#8243; back_image=\u00bb4977&#8243; back_repeat=\u00bbno-repeat\u00bb kburns=\u00bbyes\u00bb overlay_alpha=\u00bb50&#8243; gutter_size=\u00bb3&#8243; column_width_percent=\u00bb100&#8243; shift_y=\u00bb0&#8243; z_index=\u00bb0&#8243; uncode_shortcode_id=\u00bb165758&#8243;][vc_column column_width_percent=\u00bb100&#8243; position_vertical=\u00bbmiddle\u00bb gutter_size=\u00bb3&#8243; overlay_alpha=\u00bb50&#8243; shift_x=\u00bb0&#8243; shift_y=\u00bb0&#8243; shift_y_down=\u00bb0&#8243; z_index=\u00bb0&#8243; medium_width=\u00bb0&#8243; mobile_width=\u00bb0&#8243; width=\u00bb1\/1&#8243; mobile_height=\u00bb340&#8243; uncode_shortcode_id=\u00bb829239&#8243;][vc_custom_heading text_color=\u00bbcolor-xsdn\u00bb heading_semantic=\u00bbh1&#8243; text_size=\u00bbfontsize-990664&#8243; text_weight=\u00bb700&#8243; uncode_shortcode_id=\u00bb955239&#8243; text_color_type=\u00bbuncode-palette\u00bb]G News[\/vc_custom_heading][\/vc_column][\/vc_row][vc_row row_height_percent=\u00bb0&#8243; override_padding=\u00bbyes\u00bb h_padding=\u00bb2&#8243; top_padding=\u00bb1&#8243; bottom_padding=\u00bb4&#8243; back_color=\u00bbcolor-wayh\u00bb overlay_alpha=\u00bb50&#8243; gutter_size=\u00bb3&#8243; column_width_percent=\u00bb100&#8243; shift_y=\u00bb0&#8243; z_index=\u00bb0&#8243; uncode_shortcode_id=\u00bb179727&#8243; back_color_type=\u00bbuncode-palette\u00bb css=\u00bb.vc_custom_1695470344540{padding-top: 60px !important;padding-bottom: 30px !important;}\u00bb][vc_column column_width_percent=\u00bb100&#8243; position_vertical=\u00bbmiddle\u00bb align_horizontal=\u00bbalign_center\u00bb gutter_size=\u00bb0&#8243; style=\u00bbdark\u00bb overlay_alpha=\u00bb50&#8243; shift_x=\u00bb0&#8243; shift_y=\u00bb0&#8243; shift_y_down=\u00bb0&#8243; z_index=\u00bb0&#8243; medium_width=\u00bb0&#8243; mobile_width=\u00bb0&#8243; width=\u00bb1\/1&#8243; uncode_shortcode_id=\u00bb213369&#8243;][vc_custom_heading heading_semantic=\u00bbh3&#8243; text_size=\u00bbfontsize-464811&#8243; text_weight=\u00bb400&#8243; text_transform=\u00bbuppercase\u00bb text_space=\u00bbfontspace-378815&#8243; sub_reduced=\u00bbyes\u00bb uncode_shortcode_id=\u00bb200495&#8243;]g news[\/vc_custom_heading][vc_custom_heading heading_semantic=\u00bbh1&#8243; text_size=\u00bbh1&#8243; text_weight=\u00bb700&#8243; separator=\u00bbyes\u00bb separator_color=\u00bbyes\u00bb sub_lead=\u00bbsmall\u00bb uncode_shortcode_id=\u00bb774252&#8243;]\u00daltimas novedades de Gattoni Rubinetteria[\/vc_custom_heading][vc_empty_space empty_h=\u00bb2&#8243;][vc_row_inner][vc_column_inner width=\u00bb1\/1&#8243;][vc_column_text text_color=\u00bbcolor-xsdn\u00bb uncode_shortcode_id=\u00bb184995&#8243; text_color_type=\u00bbuncode-palette\u00bb css=\u00bb.vc_custom_1698247977566{margin-top: 20px !important;margin-bottom: 20px !important;}\u00bb]<\/p>\n<p style=\"text-align: center;\">Bienvenido a la secci\u00f3n de noticias de Gattoni Rubinetteria. Aqu\u00ed encontrar\u00e1 las \u00faltimas actualizaciones, innovaciones y perspectivas del mundo Gattoni. Desde lanzamientos de nuevos productos hasta tendencias del sector, eventos y mucho m\u00e1s, permanezca atento para sumergirse en el coraz\u00f3n palpitante de nuestra excelencia de marca y nuestro compromiso con la artesan\u00eda italiana.<\/p>\n<p>[\/vc_column_text][\/vc_column_inner][\/vc_row_inner][\/vc_column][\/vc_row][vc_row][vc_column width=\u00bb1\/1&#8243;][uncode_index el_id=\u00bbindex-194408&#8243; loop=\u00bbsize:10|order_by:date|post_type:post|categories:128|taxonomy_count:10&#8243; screen_lg=\u00bb1000&#8243; screen_md=\u00bb600&#8243; screen_sm=\u00bb480&#8243; gutter_size=\u00bb3&#8243; post_items=\u00bbmedia|featured|onpost|original,title,category|nobg|relative|display-icon,date,link|default|small_size|scale_mobile\u00bb single_overlay_opacity=\u00bb50&#8243; single_padding=\u00bb2&#8243; single_title_dimension=\u00bbfontsize-116374&#8243; uncode_shortcode_id=\u00bb229506&#8243;][\/vc_column][\/vc_row]<\/p>\n<\/div>","protected":false},"excerpt":{"rendered":"<p>[vc_row row_height_percent=\u00bb47&#8243; back_image=\u00bb4977&#8243; back_repeat=\u00bbno-repeat\u00bb kburns=\u00bbyes\u00bb overlay_alpha=\u00bb50&#8243; gutter_size=\u00bb3&#8243; column_width_percent=\u00bb100&#8243; shift_y=\u00bb0&#8243; z_index=\u00bb0&#8243; uncode_shortcode_id=\u00bb165758&#8243;][vc_column column_width_percent=\u00bb100&#8243; position_vertical=\u00bbmiddle\u00bb gutter_size=\u00bb3&#8243; overlay_alpha=\u00bb50&#8243; shift_x=\u00bb0&#8243; shift_y=\u00bb0&#8243; shift_y_down=\u00bb0&#8243; z_index=\u00bb0&#8243; medium_width=\u00bb0&#8243; [&hellip;]<\/p>\n","protected":false},"author":2,"featured_media":0,"parent":0,"menu_order":0,"comment_status":"closed","ping_status":"closed","template":"","meta":{"footnotes":""},"class_list":["post-13547","page","type-page","status-publish","hentry"],"acf":[],"yoast_head":"<!-- This site is optimized with the Yoast SEO plugin v24.8.1 - https:\/\/yoast.com\/wordpress\/plugins\/seo\/ -->\n<title>G News - Gattoni Rubinetteria<\/title>\n<meta name=\"description\" content=\"Contatta lo staff Di Gattoni Rubinetteria S.p.A. per tutte le tue esigenze riguardanti i nostri prodotti e le nostre finiture.\" \/>\n<meta name=\"robots\" content=\"index, follow, max-snippet:-1, max-image-preview:large, max-video-preview:-1\" \/>\n<link rel=\"canonical\" href=\"https:\/\/gattonirubinetteria.it\/es\/g-news\/\" \/>\n<meta property=\"og:locale\" content=\"es_ES\" \/>\n<meta property=\"og:type\" content=\"article\" \/>\n<meta property=\"og:title\" content=\"G News - Gattoni Rubinetteria\" \/>\n<meta property=\"og:description\" content=\"Contatta lo staff Di Gattoni Rubinetteria S.p.A. per tutte le tue esigenze riguardanti i nostri prodotti e le nostre finiture.\" \/>\n<meta property=\"og:url\" content=\"https:\/\/gattonirubinetteria.it\/es\/g-news\/\" \/>\n<meta property=\"og:site_name\" content=\"Gattoni Rubinetteria\" \/>\n<meta property=\"article:publisher\" content=\"https:\/\/www.facebook.com\/gattoniwaterinlove\" \/>\n<meta property=\"article:modified_time\" content=\"2023-10-25T15:33:02+00:00\" \/>\n<meta property=\"og:image\" content=\"https:\/\/gattonirubinetteria.it\/wp-content\/uploads\/2023\/06\/Gattoni-linea-industrial.jpg\" \/>\n\t<meta property=\"og:image:width\" content=\"1800\" \/>\n\t<meta property=\"og:image:height\" content=\"1080\" \/>\n\t<meta property=\"og:image:type\" content=\"image\/jpeg\" \/>\n<meta name=\"twitter:card\" content=\"summary_large_image\" \/>\n<meta name=\"twitter:label1\" content=\"Tiempo de lectura\" \/>\n\t<meta name=\"twitter:data1\" content=\"1 minuto\" \/>\n<script type=\"application\/ld+json\" class=\"yoast-schema-graph\">{\"@context\":\"https:\/\/schema.org\",\"@graph\":[{\"@type\":\"WebPage\",\"@id\":\"https:\/\/gattonirubinetteria.it\/es\/g-news\/\",\"url\":\"https:\/\/gattonirubinetteria.it\/es\/g-news\/\",\"name\":\"G News - Gattoni Rubinetteria\",\"isPartOf\":{\"@id\":\"https:\/\/gattonirubinetteria.it\/es\/#website\"},\"datePublished\":\"2023-09-23T13:20:07+00:00\",\"dateModified\":\"2023-10-25T15:33:02+00:00\",\"description\":\"Contatta lo staff Di Gattoni Rubinetteria S.p.A. per tutte le tue esigenze riguardanti i nostri prodotti e le nostre finiture.\",\"breadcrumb\":{\"@id\":\"https:\/\/gattonirubinetteria.it\/es\/g-news\/#breadcrumb\"},\"inLanguage\":\"es\",\"potentialAction\":[{\"@type\":\"ReadAction\",\"target\":[\"https:\/\/gattonirubinetteria.it\/es\/g-news\/\"]}]},{\"@type\":\"BreadcrumbList\",\"@id\":\"https:\/\/gattonirubinetteria.it\/es\/g-news\/#breadcrumb\",\"itemListElement\":[{\"@type\":\"ListItem\",\"position\":1,\"name\":\"Home\",\"item\":\"https:\/\/gattonirubinetteria.com\/es\/\"},{\"@type\":\"ListItem\",\"position\":2,\"name\":\"G News\"}]},{\"@type\":\"WebSite\",\"@id\":\"https:\/\/gattonirubinetteria.it\/es\/#website\",\"url\":\"https:\/\/gattonirubinetteria.it\/es\/\",\"name\":\"Gattoni Rubinetteria\",\"description\":\"WATER IN LOVE\",\"publisher\":{\"@id\":\"https:\/\/gattonirubinetteria.it\/es\/#organization\"},\"alternateName\":\"Gattoni Rubinetteria S.p.A\",\"potentialAction\":[{\"@type\":\"SearchAction\",\"target\":{\"@type\":\"EntryPoint\",\"urlTemplate\":\"https:\/\/gattonirubinetteria.it\/es\/?s={search_term_string}\"},\"query-input\":{\"@type\":\"PropertyValueSpecification\",\"valueRequired\":true,\"valueName\":\"search_term_string\"}}],\"inLanguage\":\"es\"},{\"@type\":\"Organization\",\"@id\":\"https:\/\/gattonirubinetteria.it\/es\/#organization\",\"name\":\"Gattoni Rubinetteria S.p.A\",\"alternateName\":\"Gattoni\",\"url\":\"https:\/\/gattonirubinetteria.it\/es\/\",\"logo\":{\"@type\":\"ImageObject\",\"inLanguage\":\"es\",\"@id\":\"https:\/\/gattonirubinetteria.it\/es\/#\/schema\/logo\/image\/\",\"url\":\"https:\/\/gattonirubinetteria.com\/wp-content\/uploads\/2022\/12\/gattoni-rubinetteria-logo.png\",\"contentUrl\":\"https:\/\/gattonirubinetteria.com\/wp-content\/uploads\/2022\/12\/gattoni-rubinetteria-logo.png\",\"width\":756,\"height\":223,\"caption\":\"Gattoni Rubinetteria S.p.A\"},\"image\":{\"@id\":\"https:\/\/gattonirubinetteria.it\/es\/#\/schema\/logo\/image\/\"},\"sameAs\":[\"https:\/\/www.facebook.com\/gattoniwaterinlove\",\"https:\/\/www.instagram.com\/gattonirubinetteria_official\/\",\"https:\/\/www.linkedin.com\/company\/gattoni-rubinetteria\/\"]}]}<\/script>\n<!-- \/ Yoast SEO plugin. -->","yoast_head_json":{"title":"G News - Gattoni Rubinetteria","description":"Contatta lo staff Di Gattoni Rubinetteria S.p.A. per tutte le tue esigenze riguardanti i nostri prodotti e le nostre finiture.","robots":{"index":"index","follow":"follow","max-snippet":"max-snippet:-1","max-image-preview":"max-image-preview:large","max-video-preview":"max-video-preview:-1"},"canonical":"https:\/\/gattonirubinetteria.it\/es\/g-news\/","og_locale":"es_ES","og_type":"article","og_title":"G News - Gattoni Rubinetteria","og_description":"Contatta lo staff Di Gattoni Rubinetteria S.p.A. per tutte le tue esigenze riguardanti i nostri prodotti e le nostre finiture.","og_url":"https:\/\/gattonirubinetteria.it\/es\/g-news\/","og_site_name":"Gattoni Rubinetteria","article_publisher":"https:\/\/www.facebook.com\/gattoniwaterinlove","article_modified_time":"2023-10-25T15:33:02+00:00","og_image":[{"width":1800,"height":1080,"url":"https:\/\/gattonirubinetteria.it\/wp-content\/uploads\/2023\/06\/Gattoni-linea-industrial.jpg","type":"image\/jpeg"}],"twitter_card":"summary_large_image","twitter_misc":{"Tiempo de lectura":"1 minuto"},"schema":{"@context":"https:\/\/schema.org","@graph":[{"@type":"WebPage","@id":"https:\/\/gattonirubinetteria.it\/es\/g-news\/","url":"https:\/\/gattonirubinetteria.it\/es\/g-news\/","name":"G News - Gattoni Rubinetteria","isPartOf":{"@id":"https:\/\/gattonirubinetteria.it\/es\/#website"},"datePublished":"2023-09-23T13:20:07+00:00","dateModified":"2023-10-25T15:33:02+00:00","description":"Contatta lo staff Di Gattoni Rubinetteria S.p.A. per tutte le tue esigenze riguardanti i nostri prodotti e le nostre finiture.","breadcrumb":{"@id":"https:\/\/gattonirubinetteria.it\/es\/g-news\/#breadcrumb"},"inLanguage":"es","potentialAction":[{"@type":"ReadAction","target":["https:\/\/gattonirubinetteria.it\/es\/g-news\/"]}]},{"@type":"BreadcrumbList","@id":"https:\/\/gattonirubinetteria.it\/es\/g-news\/#breadcrumb","itemListElement":[{"@type":"ListItem","position":1,"name":"Home","item":"https:\/\/gattonirubinetteria.com\/es\/"},{"@type":"ListItem","position":2,"name":"G News"}]},{"@type":"WebSite","@id":"https:\/\/gattonirubinetteria.it\/es\/#website","url":"https:\/\/gattonirubinetteria.it\/es\/","name":"Gattoni Rubinetteria","description":"WATER IN LOVE","publisher":{"@id":"https:\/\/gattonirubinetteria.it\/es\/#organization"},"alternateName":"Gattoni Rubinetteria S.p.A","potentialAction":[{"@type":"SearchAction","target":{"@type":"EntryPoint","urlTemplate":"https:\/\/gattonirubinetteria.it\/es\/?s={search_term_string}"},"query-input":{"@type":"PropertyValueSpecification","valueRequired":true,"valueName":"search_term_string"}}],"inLanguage":"es"},{"@type":"Organization","@id":"https:\/\/gattonirubinetteria.it\/es\/#organization","name":"Gattoni Rubinetteria S.p.A","alternateName":"Gattoni","url":"https:\/\/gattonirubinetteria.it\/es\/","logo":{"@type":"ImageObject","inLanguage":"es","@id":"https:\/\/gattonirubinetteria.it\/es\/#\/schema\/logo\/image\/","url":"https:\/\/gattonirubinetteria.com\/wp-content\/uploads\/2022\/12\/gattoni-rubinetteria-logo.png","contentUrl":"https:\/\/gattonirubinetteria.com\/wp-content\/uploads\/2022\/12\/gattoni-rubinetteria-logo.png","width":756,"height":223,"caption":"Gattoni Rubinetteria S.p.A"},"image":{"@id":"https:\/\/gattonirubinetteria.it\/es\/#\/schema\/logo\/image\/"},"sameAs":["https:\/\/www.facebook.com\/gattoniwaterinlove","https:\/\/www.instagram.com\/gattonirubinetteria_official\/","https:\/\/www.linkedin.com\/company\/gattoni-rubinetteria\/"]}]}},"_links":{"self":[{"href":"https:\/\/gattonirubinetteria.it\/es\/wp-json\/wp\/v2\/pages\/13547","targetHints":{"allow":["GET"]}}],"collection":[{"href":"https:\/\/gattonirubinetteria.it\/es\/wp-json\/wp\/v2\/pages"}],"about":[{"href":"https:\/\/gattonirubinetteria.it\/es\/wp-json\/wp\/v2\/types\/page"}],"author":[{"embeddable":true,"href":"https:\/\/gattonirubinetteria.it\/es\/wp-json\/wp\/v2\/users\/2"}],"replies":[{"embeddable":true,"href":"https:\/\/gattonirubinetteria.it\/es\/wp-json\/wp\/v2\/comments?post=13547"}],"version-history":[{"count":3,"href":"https:\/\/gattonirubinetteria.it\/es\/wp-json\/wp\/v2\/pages\/13547\/revisions"}],"predecessor-version":[{"id":13550,"href":"https:\/\/gattonirubinetteria.it\/es\/wp-json\/wp\/v2\/pages\/13547\/revisions\/13550"}],"wp:attachment":[{"href":"https:\/\/gattonirubinetteria.it\/es\/wp-json\/wp\/v2\/media?parent=13547"}],"curies":[{"name":"wp","href":"https:\/\/api.w.org\/{rel}","templated":true}]}}