{"id":17180,"date":"2023-06-26T14:34:21","date_gmt":"2023-06-26T14:34:21","guid":{"rendered":"https:\/\/gattonirubinetteria.it\/prodotto\/8850-88\/"},"modified":"2025-07-17T10:58:02","modified_gmt":"2025-07-17T10:58:02","slug":"8850-88","status":"publish","type":"product","link":"https:\/\/gattonirubinetteria.it\/es\/prodotto\/8850-88\/","title":{"rendered":"8850\/88"},"content":{"rendered":"<p><strong>CROMO<\/strong><\/p>\n<p>Mezclador de bid\u00e9 con desag\u00fce regulable con tapa a presi\u00f3n, flexo de alimentaci\u00f3n de acero inoxidable.<\/p>\n<p><span style=\"color: #ffffff;\"><strong><a style=\"background: #e52521; padding: 10px; color: #ffffff;\" href=\"https:\/\/gattonirubinetteria.it\/wp-content\/uploads\/2023\/06\/S-8850-88_R1.pdf\" target=\"_blank\" rel=\"noopener\">Ficha t\u00e9cnica<\/a><\/strong><\/span> <span style=\"color: #ffffff;\"><strong><a style=\"background: #e52521; padding: 10px; color: #ffffff;\" href=\"https:\/\/gattonirubinetteria.it\/wp-content\/uploads\/2024\/07\/LISTINO-2024-Serie-Ely.pdf\" target=\"_blank\" rel=\"noopener\">Cat\u00e1logo de la serie<\/a><\/strong><\/span><\/p>\n<p><span class='pum-trigger  popmake-30791   ' data-do-default=''><span style=\"color: #ffffff\"><strong><a style=\"background: #e52521;padding: 10px;color: #ffffff\">Hoja de Repuestos<i class=\"popmake-30791\u200b\" aria-hidden=\"true\"><\/i><\/a><\/strong><\/span><\/span> <span class='pum-trigger  popmake-30791   ' data-do-default=''><span style=\"color: #ffffff\"><strong><a style=\"background: #e52521;padding: 10px;color: #ffffff\">Archivo 3D<i class=\"popmake-30791\u200b\" aria-hidden=\"true\"><\/i><\/a><\/strong><\/span><\/span><br \/>\n&nbsp;<\/p>\n","protected":false},"excerpt":{"rendered":"<p class=\"p1\"><strong>Disponibile in<\/strong>: finitura 1, finitura2, finitura 3<\/p>\n","protected":false},"featured_media":11309,"template":"","meta":[],"product_brand":[],"product_cat":[202,222],"product_tag":[],"class_list":{"0":"post-17180","1":"product","2":"type-product","3":"status-publish","4":"has-post-thumbnail","6":"product_cat-banoo-es","7":"product_cat-ely-es","9":"first","10":"instock","11":"downloadable","12":"virtual","13":"product-type-simple"},"acf":[],"yoast_head":"<!-- This site is optimized with the Yoast SEO plugin v24.8.1 - https:\/\/yoast.com\/wordpress\/plugins\/seo\/ -->\n<title>Gattoni Rubinetteria - Miscelatore 8850\/88<\/title>\n<meta name=\"description\" content=\"Scopri tutti i dettagli del miscelatore Gattoni modello 8850\/88, disponibile in una vasta gamma di finiture per adattarsi a tutte le vostre esigenze\" \/>\n<meta name=\"robots\" content=\"index, follow, max-snippet:-1, max-image-preview:large, max-video-preview:-1\" \/>\n<link rel=\"canonical\" href=\"https:\/\/gattonirubinetteria.it\/es\/prodotto\/8850-88\/\" \/>\n<meta property=\"og:locale\" content=\"es_ES\" \/>\n<meta property=\"og:type\" content=\"article\" \/>\n<meta property=\"og:title\" content=\"Gattoni Rubinetteria - Miscelatore 8850\/88\" \/>\n<meta property=\"og:description\" content=\"Scopri tutti i dettagli del miscelatore Gattoni modello 8850\/88, disponibile in una vasta gamma di finiture per adattarsi a tutte le vostre esigenze\" \/>\n<meta property=\"og:url\" content=\"https:\/\/gattonirubinetteria.it\/es\/prodotto\/8850-88\/\" \/>\n<meta property=\"og:site_name\" content=\"Gattoni Rubinetteria\" \/>\n<meta property=\"article:publisher\" content=\"https:\/\/www.facebook.com\/gattoniwaterinlove\" \/>\n<meta property=\"article:modified_time\" content=\"2025-07-17T10:58:02+00:00\" \/>\n<meta property=\"og:image\" content=\"https:\/\/gattonirubinetteria.com\/wp-content\/uploads\/2023\/06\/ELY.jpg\" \/>\n\t<meta property=\"og:image:width\" content=\"1080\" \/>\n\t<meta property=\"og:image:height\" content=\"1080\" \/>\n\t<meta property=\"og:image:type\" content=\"image\/jpeg\" \/>\n<meta name=\"twitter:card\" content=\"summary_large_image\" \/>\n<meta name=\"twitter:label1\" content=\"Tiempo de lectura\" \/>\n\t<meta name=\"twitter:data1\" content=\"1 minuto\" \/>\n<script type=\"application\/ld+json\" class=\"yoast-schema-graph\">{\"@context\":\"https:\/\/schema.org\",\"@graph\":[{\"@type\":\"WebPage\",\"@id\":\"https:\/\/gattonirubinetteria.it\/es\/prodotto\/8850-88\/\",\"url\":\"https:\/\/gattonirubinetteria.it\/es\/prodotto\/8850-88\/\",\"name\":\"Gattoni Rubinetteria - Miscelatore 8850\/88\",\"isPartOf\":{\"@id\":\"https:\/\/gattonirubinetteria.it\/es\/#website\"},\"primaryImageOfPage\":{\"@id\":\"https:\/\/gattonirubinetteria.it\/es\/prodotto\/8850-88\/#primaryimage\"},\"image\":{\"@id\":\"https:\/\/gattonirubinetteria.it\/es\/prodotto\/8850-88\/#primaryimage\"},\"thumbnailUrl\":\"https:\/\/gattonirubinetteria.it\/wp-content\/uploads\/2023\/06\/ELY.jpg\",\"datePublished\":\"2023-06-26T14:34:21+00:00\",\"dateModified\":\"2025-07-17T10:58:02+00:00\",\"description\":\"Scopri tutti i dettagli del miscelatore Gattoni modello 8850\/88, disponibile in una vasta gamma di finiture per adattarsi a tutte le vostre esigenze\",\"breadcrumb\":{\"@id\":\"https:\/\/gattonirubinetteria.it\/es\/prodotto\/8850-88\/#breadcrumb\"},\"inLanguage\":\"es\",\"potentialAction\":[{\"@type\":\"ReadAction\",\"target\":[\"https:\/\/gattonirubinetteria.it\/es\/prodotto\/8850-88\/\"]}]},{\"@type\":\"ImageObject\",\"inLanguage\":\"es\",\"@id\":\"https:\/\/gattonirubinetteria.it\/es\/prodotto\/8850-88\/#primaryimage\",\"url\":\"https:\/\/gattonirubinetteria.it\/wp-content\/uploads\/2023\/06\/ELY.jpg\",\"contentUrl\":\"https:\/\/gattonirubinetteria.it\/wp-content\/uploads\/2023\/06\/ELY.jpg\",\"width\":1080,\"height\":1080,\"caption\":\"Render Gattoni rubinetteria bagno serie Ely\"},{\"@type\":\"BreadcrumbList\",\"@id\":\"https:\/\/gattonirubinetteria.it\/es\/prodotto\/8850-88\/#breadcrumb\",\"itemListElement\":[{\"@type\":\"ListItem\",\"position\":1,\"name\":\"Home\",\"item\":\"https:\/\/gattonirubinetteria.it\/es\/\"},{\"@type\":\"ListItem\",\"position\":2,\"name\":\"Productos\",\"item\":\"https:\/\/gattonirubinetteria.it\/es\/shop\/\"},{\"@type\":\"ListItem\",\"position\":3,\"name\":\"Ba\u00f1o\",\"item\":\"https:\/\/gattonirubinetteria.it\/es\/categoria-prodotto\/banoo-es\/\"},{\"@type\":\"ListItem\",\"position\":4,\"name\":\"Ely\",\"item\":\"https:\/\/gattonirubinetteria.it\/es\/categoria-prodotto\/banoo-es\/ely-es\/\"},{\"@type\":\"ListItem\",\"position\":5,\"name\":\"8850\/88\"}]},{\"@type\":\"WebSite\",\"@id\":\"https:\/\/gattonirubinetteria.it\/es\/#website\",\"url\":\"https:\/\/gattonirubinetteria.it\/es\/\",\"name\":\"Gattoni Rubinetteria\",\"description\":\"WATER IN LOVE\",\"publisher\":{\"@id\":\"https:\/\/gattonirubinetteria.it\/es\/#organization\"},\"alternateName\":\"Gattoni Rubinetteria S.p.A\",\"potentialAction\":[{\"@type\":\"SearchAction\",\"target\":{\"@type\":\"EntryPoint\",\"urlTemplate\":\"https:\/\/gattonirubinetteria.it\/es\/?s={search_term_string}\"},\"query-input\":{\"@type\":\"PropertyValueSpecification\",\"valueRequired\":true,\"valueName\":\"search_term_string\"}}],\"inLanguage\":\"es\"},{\"@type\":\"Organization\",\"@id\":\"https:\/\/gattonirubinetteria.it\/es\/#organization\",\"name\":\"Gattoni Rubinetteria S.p.A\",\"alternateName\":\"Gattoni\",\"url\":\"https:\/\/gattonirubinetteria.it\/es\/\",\"logo\":{\"@type\":\"ImageObject\",\"inLanguage\":\"es\",\"@id\":\"https:\/\/gattonirubinetteria.it\/es\/#\/schema\/logo\/image\/\",\"url\":\"https:\/\/gattonirubinetteria.com\/wp-content\/uploads\/2022\/12\/gattoni-rubinetteria-logo.png\",\"contentUrl\":\"https:\/\/gattonirubinetteria.com\/wp-content\/uploads\/2022\/12\/gattoni-rubinetteria-logo.png\",\"width\":756,\"height\":223,\"caption\":\"Gattoni Rubinetteria S.p.A\"},\"image\":{\"@id\":\"https:\/\/gattonirubinetteria.it\/es\/#\/schema\/logo\/image\/\"},\"sameAs\":[\"https:\/\/www.facebook.com\/gattoniwaterinlove\",\"https:\/\/www.instagram.com\/gattonirubinetteria_official\/\",\"https:\/\/www.linkedin.com\/company\/gattoni-rubinetteria\/\"]}]}<\/script>\n<!-- \/ Yoast SEO plugin. -->","yoast_head_json":{"title":"Gattoni Rubinetteria - Miscelatore 8850\/88","description":"Scopri tutti i dettagli del miscelatore Gattoni modello 8850\/88, disponibile in una vasta gamma di finiture per adattarsi a tutte le vostre esigenze","robots":{"index":"index","follow":"follow","max-snippet":"max-snippet:-1","max-image-preview":"max-image-preview:large","max-video-preview":"max-video-preview:-1"},"canonical":"https:\/\/gattonirubinetteria.it\/es\/prodotto\/8850-88\/","og_locale":"es_ES","og_type":"article","og_title":"Gattoni Rubinetteria - Miscelatore 8850\/88","og_description":"Scopri tutti i dettagli del miscelatore Gattoni modello 8850\/88, disponibile in una vasta gamma di finiture per adattarsi a tutte le vostre esigenze","og_url":"https:\/\/gattonirubinetteria.it\/es\/prodotto\/8850-88\/","og_site_name":"Gattoni Rubinetteria","article_publisher":"https:\/\/www.facebook.com\/gattoniwaterinlove","article_modified_time":"2025-07-17T10:58:02+00:00","og_image":[{"width":1080,"height":1080,"url":"https:\/\/gattonirubinetteria.com\/wp-content\/uploads\/2023\/06\/ELY.jpg","type":"image\/jpeg"}],"twitter_card":"summary_large_image","twitter_misc":{"Tiempo de lectura":"1 minuto"},"schema":{"@context":"https:\/\/schema.org","@graph":[{"@type":"WebPage","@id":"https:\/\/gattonirubinetteria.it\/es\/prodotto\/8850-88\/","url":"https:\/\/gattonirubinetteria.it\/es\/prodotto\/8850-88\/","name":"Gattoni Rubinetteria - Miscelatore 8850\/88","isPartOf":{"@id":"https:\/\/gattonirubinetteria.it\/es\/#website"},"primaryImageOfPage":{"@id":"https:\/\/gattonirubinetteria.it\/es\/prodotto\/8850-88\/#primaryimage"},"image":{"@id":"https:\/\/gattonirubinetteria.it\/es\/prodotto\/8850-88\/#primaryimage"},"thumbnailUrl":"https:\/\/gattonirubinetteria.it\/wp-content\/uploads\/2023\/06\/ELY.jpg","datePublished":"2023-06-26T14:34:21+00:00","dateModified":"2025-07-17T10:58:02+00:00","description":"Scopri tutti i dettagli del miscelatore Gattoni modello 8850\/88, disponibile in una vasta gamma di finiture per adattarsi a tutte le vostre esigenze","breadcrumb":{"@id":"https:\/\/gattonirubinetteria.it\/es\/prodotto\/8850-88\/#breadcrumb"},"inLanguage":"es","potentialAction":[{"@type":"ReadAction","target":["https:\/\/gattonirubinetteria.it\/es\/prodotto\/8850-88\/"]}]},{"@type":"ImageObject","inLanguage":"es","@id":"https:\/\/gattonirubinetteria.it\/es\/prodotto\/8850-88\/#primaryimage","url":"https:\/\/gattonirubinetteria.it\/wp-content\/uploads\/2023\/06\/ELY.jpg","contentUrl":"https:\/\/gattonirubinetteria.it\/wp-content\/uploads\/2023\/06\/ELY.jpg","width":1080,"height":1080,"caption":"Render Gattoni rubinetteria bagno serie Ely"},{"@type":"BreadcrumbList","@id":"https:\/\/gattonirubinetteria.it\/es\/prodotto\/8850-88\/#breadcrumb","itemListElement":[{"@type":"ListItem","position":1,"name":"Home","item":"https:\/\/gattonirubinetteria.it\/es\/"},{"@type":"ListItem","position":2,"name":"Productos","item":"https:\/\/gattonirubinetteria.it\/es\/shop\/"},{"@type":"ListItem","position":3,"name":"Ba\u00f1o","item":"https:\/\/gattonirubinetteria.it\/es\/categoria-prodotto\/banoo-es\/"},{"@type":"ListItem","position":4,"name":"Ely","item":"https:\/\/gattonirubinetteria.it\/es\/categoria-prodotto\/banoo-es\/ely-es\/"},{"@type":"ListItem","position":5,"name":"8850\/88"}]},{"@type":"WebSite","@id":"https:\/\/gattonirubinetteria.it\/es\/#website","url":"https:\/\/gattonirubinetteria.it\/es\/","name":"Gattoni Rubinetteria","description":"WATER IN LOVE","publisher":{"@id":"https:\/\/gattonirubinetteria.it\/es\/#organization"},"alternateName":"Gattoni Rubinetteria S.p.A","potentialAction":[{"@type":"SearchAction","target":{"@type":"EntryPoint","urlTemplate":"https:\/\/gattonirubinetteria.it\/es\/?s={search_term_string}"},"query-input":{"@type":"PropertyValueSpecification","valueRequired":true,"valueName":"search_term_string"}}],"inLanguage":"es"},{"@type":"Organization","@id":"https:\/\/gattonirubinetteria.it\/es\/#organization","name":"Gattoni Rubinetteria S.p.A","alternateName":"Gattoni","url":"https:\/\/gattonirubinetteria.it\/es\/","logo":{"@type":"ImageObject","inLanguage":"es","@id":"https:\/\/gattonirubinetteria.it\/es\/#\/schema\/logo\/image\/","url":"https:\/\/gattonirubinetteria.com\/wp-content\/uploads\/2022\/12\/gattoni-rubinetteria-logo.png","contentUrl":"https:\/\/gattonirubinetteria.com\/wp-content\/uploads\/2022\/12\/gattoni-rubinetteria-logo.png","width":756,"height":223,"caption":"Gattoni Rubinetteria S.p.A"},"image":{"@id":"https:\/\/gattonirubinetteria.it\/es\/#\/schema\/logo\/image\/"},"sameAs":["https:\/\/www.facebook.com\/gattoniwaterinlove","https:\/\/www.instagram.com\/gattonirubinetteria_official\/","https:\/\/www.linkedin.com\/company\/gattoni-rubinetteria\/"]}]}},"_links":{"self":[{"href":"https:\/\/gattonirubinetteria.it\/es\/wp-json\/wp\/v2\/product\/17180","targetHints":{"allow":["GET"]}}],"collection":[{"href":"https:\/\/gattonirubinetteria.it\/es\/wp-json\/wp\/v2\/product"}],"about":[{"href":"https:\/\/gattonirubinetteria.it\/es\/wp-json\/wp\/v2\/types\/product"}],"wp:featuredmedia":[{"embeddable":true,"href":"https:\/\/gattonirubinetteria.it\/es\/wp-json\/wp\/v2\/media\/11309"}],"wp:attachment":[{"href":"https:\/\/gattonirubinetteria.it\/es\/wp-json\/wp\/v2\/media?parent=17180"}],"wp:term":[{"taxonomy":"product_brand","embeddable":true,"href":"https:\/\/gattonirubinetteria.it\/es\/wp-json\/wp\/v2\/product_brand?post=17180"},{"taxonomy":"product_cat","embeddable":true,"href":"https:\/\/gattonirubinetteria.it\/es\/wp-json\/wp\/v2\/product_cat?post=17180"},{"taxonomy":"product_tag","embeddable":true,"href":"https:\/\/gattonirubinetteria.it\/es\/wp-json\/wp\/v2\/product_tag?post=17180"}],"curies":[{"name":"wp","href":"https:\/\/api.w.org\/{rel}","templated":true}]}}