{"id":31162,"date":"2025-07-02T08:46:17","date_gmt":"2025-07-02T08:46:17","guid":{"rendered":"https:\/\/gattonirubinetteria.it\/?page_id=31162"},"modified":"2025-07-02T08:46:20","modified_gmt":"2025-07-02T08:46:20","slug":"home-2","status":"publish","type":"page","link":"https:\/\/gattonirubinetteria.it\/fr\/home-2\/","title":{"rendered":"Home"},"content":{"rendered":"<div class=\"wpb-content-wrapper\"><p>[vc_row row_height_percent=\u00a0\u00bb100&Prime; back_image=\u00a0\u00bb494&Prime; back_repeat=\u00a0\u00bbno-repeat\u00a0\u00bb back_position=\u00a0\u00bbcenter center\u00a0\u00bb kburns=\u00a0\u00bbyes\u00a0\u00bb overlay_color=\u00a0\u00bbcolor-jevc\u00a0\u00bb overlay_alpha=\u00a0\u00bb50&Prime; gutter_size=\u00a0\u00bb3&Prime; column_width_percent=\u00a0\u00bb100&Prime; shift_y=\u00a0\u00bb0&Prime; z_index=\u00a0\u00bb0&Prime; uncode_shortcode_id=\u00a0\u00bb748046&Prime; overlay_color_type=\u00a0\u00bbuncode-palette\u00a0\u00bb row_name=\u00a0\u00bbbagno\u00a0\u00bb shape_dividers=\u00a0\u00bb\u00a0\u00bb][vc_column column_width_percent=\u00a0\u00bb100&Prime; position_vertical=\u00a0\u00bbmiddle\u00a0\u00bb gutter_size=\u00a0\u00bb2&Prime; style=\u00a0\u00bbdark\u00a0\u00bb overlay_alpha=\u00a0\u00bb50&Prime; shift_x=\u00a0\u00bb0&Prime; shift_y=\u00a0\u00bb0&Prime; shift_y_down=\u00a0\u00bb0&Prime; z_index=\u00a0\u00bb0&Prime; medium_width=\u00a0\u00bb0&Prime; mobile_width=\u00a0\u00bb0&Prime; width=\u00a0\u00bb1\/1&Prime; uncode_shortcode_id=\u00a0\u00bb174547&Prime;][vc_custom_heading heading_semantic=\u00a0\u00bbh3&Prime; text_size=\u00a0\u00bbfontsize-116374&Prime; text_weight=\u00a0\u00bb400&Prime; text_space=\u00a0\u00bbfontspace-211969&Prime; sub_reduced=\u00a0\u00bbyes\u00a0\u00bb uncode_shortcode_id=\u00a0\u00bb200353&Prime;]BAGNO[\/vc_custom_heading][vc_custom_heading text_size=\u00a0\u00bbfontsize-498391&Prime; text_weight=\u00a0\u00bb700&Prime; uncode_shortcode_id=\u00a0\u00bb680044&Prime;]Il carattere dell&rsquo;acqua[\/vc_custom_heading][vc_row_inner row_inner_height_percent=\u00a0\u00bb0&Prime; overlay_alpha=\u00a0\u00bb50&Prime; gutter_size=\u00a0\u00bb3&Prime; shift_y=\u00a0\u00bb0&Prime; z_index=\u00a0\u00bb0&Prime; uncode_shortcode_id=\u00a0\u00bb637445&Prime;][vc_column_inner width=\u00a0\u00bb2\/3&Prime;][vc_column_text text_lead=\u00a0\u00bbyes\u00a0\u00bb text_color=\u00a0\u00bbcolor-xsdn\u00a0\u00bb uncode_shortcode_id=\u00a0\u00bb153564&Prime; text_color_type=\u00a0\u00bbuncode-palette\u00a0\u00bb el_class=\u00a0\u00bbtext-block-hp\u00a0\u00bb]I miscelatori Gattoni rappresentano il perfetto equilibrio tra design e funzionalit\u00e0 per la tua sala da bagno.[\/vc_column_text][\/vc_column_inner][vc_column_inner width=\u00a0\u00bb1\/3&Prime;][\/vc_column_inner][\/vc_row_inner][vc_empty_space empty_h=\u00a0\u00bb1&Prime; mobile_visibility=\u00a0\u00bbyes\u00a0\u00bb][vc_button button_color=\u00a0\u00bbaccent\u00a0\u00bb border_animation=\u00a0\u00bbbtn-ripple-out\u00a0\u00bb hover_fx=\u00a0\u00bboutlined\u00a0\u00bb text_skin=\u00a0\u00bbyes\u00a0\u00bb border_width=\u00a0\u00bb2&Prime; scale_mobile=\u00a0\u00bbno\u00a0\u00bb button_color_type=\u00a0\u00bbuncode-palette\u00a0\u00bb uncode_shortcode_id=\u00a0\u00bb138495&Prime; link=\u00a0\u00bburl:https%3A%2F%2Fwww.gattonirubinetteria.com%2Fambienti%2Fbagno%2F|\u00a0\u00bb]SCOPRI[\/vc_button][\/vc_column][\/vc_row][vc_row row_height_percent=\u00a0\u00bb100&Prime; back_image=\u00a0\u00bb1050&Prime; back_repeat=\u00a0\u00bbno-repeat\u00a0\u00bb back_position=\u00a0\u00bbcenter center\u00a0\u00bb kburns=\u00a0\u00bbyes\u00a0\u00bb overlay_color=\u00a0\u00bbcolor-jevc\u00a0\u00bb overlay_alpha=\u00a0\u00bb50&Prime; gutter_size=\u00a0\u00bb3&Prime; column_width_percent=\u00a0\u00bb100&Prime; shift_y=\u00a0\u00bb0&Prime; z_index=\u00a0\u00bb0&Prime; uncode_shortcode_id=\u00a0\u00bb149915&Prime; overlay_color_type=\u00a0\u00bbuncode-palette\u00a0\u00bb row_name=\u00a0\u00bbcucina\u00a0\u00bb][vc_column column_width_percent=\u00a0\u00bb100&Prime; position_vertical=\u00a0\u00bbmiddle\u00a0\u00bb gutter_size=\u00a0\u00bb2&Prime; style=\u00a0\u00bbdark\u00a0\u00bb overlay_alpha=\u00a0\u00bb50&Prime; shift_x=\u00a0\u00bb0&Prime; shift_y=\u00a0\u00bb0&Prime; shift_y_down=\u00a0\u00bb0&Prime; z_index=\u00a0\u00bb0&Prime; medium_width=\u00a0\u00bb0&Prime; mobile_width=\u00a0\u00bb0&Prime; width=\u00a0\u00bb1\/1&Prime; uncode_shortcode_id=\u00a0\u00bb770611&Prime;][vc_custom_heading heading_semantic=\u00a0\u00bbh3&Prime; text_size=\u00a0\u00bbfontsize-116374&Prime; text_weight=\u00a0\u00bb400&Prime; text_space=\u00a0\u00bbfontspace-211969&Prime; sub_reduced=\u00a0\u00bbyes\u00a0\u00bb uncode_shortcode_id=\u00a0\u00bb516956&Prime;]CUCINA[\/vc_custom_heading][vc_custom_heading text_size=\u00a0\u00bbfontsize-498391&Prime; text_weight=\u00a0\u00bb700&Prime; uncode_shortcode_id=\u00a0\u00bb912191&Prime;]La fantasia del quotidiano[\/vc_custom_heading][vc_row_inner row_inner_height_percent=\u00a0\u00bb0&Prime; overlay_alpha=\u00a0\u00bb50&Prime; gutter_size=\u00a0\u00bb3&Prime; shift_y=\u00a0\u00bb0&Prime; z_index=\u00a0\u00bb0&Prime; uncode_shortcode_id=\u00a0\u00bb161862&Prime;][vc_column_inner width=\u00a0\u00bb2\/3&Prime;][vc_column_text text_lead=\u00a0\u00bbyes\u00a0\u00bb text_color=\u00a0\u00bbcolor-xsdn\u00a0\u00bb uncode_shortcode_id=\u00a0\u00bb953431&Prime; text_color_type=\u00a0\u00bbuncode-palette\u00a0\u00bb]Nei rubinetti Gattoni la fluidit\u00e0 del design si traduce in praticit\u00e0 e apporta vantaggi reali alla tua cucina.[\/vc_column_text][\/vc_column_inner][vc_column_inner width=\u00a0\u00bb1\/3&Prime;][\/vc_column_inner][\/vc_row_inner][vc_empty_space empty_h=\u00a0\u00bb1&Prime; mobile_visibility=\u00a0\u00bbyes\u00a0\u00bb][vc_button button_color=\u00a0\u00bbaccent\u00a0\u00bb border_width=\u00a0\u00bb0&Prime; scale_mobile=\u00a0\u00bbno\u00a0\u00bb button_color_type=\u00a0\u00bbuncode-palette\u00a0\u00bb uncode_shortcode_id=\u00a0\u00bb778451&Prime; link=\u00a0\u00bburl:https%3A%2F%2Fwww.gattonirubinetteria.com%2Fambienti%2Fcucina%2F|\u00a0\u00bb]SCOPRI[\/vc_button][\/vc_column][\/vc_row][vc_row row_height_percent=\u00a0\u00bb100&Prime; back_image=\u00a0\u00bb1051&Prime; back_repeat=\u00a0\u00bbno-repeat\u00a0\u00bb back_position=\u00a0\u00bbright center\u00a0\u00bb kburns=\u00a0\u00bbyes\u00a0\u00bb overlay_color=\u00a0\u00bbcolor-jevc\u00a0\u00bb overlay_alpha=\u00a0\u00bb50&Prime; gutter_size=\u00a0\u00bb3&Prime; column_width_percent=\u00a0\u00bb100&Prime; shift_y=\u00a0\u00bb0&Prime; z_index=\u00a0\u00bb0&Prime; uncode_shortcode_id=\u00a0\u00bb122548&Prime; overlay_color_type=\u00a0\u00bbuncode-palette\u00a0\u00bb row_name=\u00a0\u00bbwellness\u00a0\u00bb][vc_column column_width_percent=\u00a0\u00bb100&Prime; position_vertical=\u00a0\u00bbmiddle\u00a0\u00bb gutter_size=\u00a0\u00bb2&Prime; style=\u00a0\u00bbdark\u00a0\u00bb overlay_alpha=\u00a0\u00bb50&Prime; shift_x=\u00a0\u00bb0&Prime; shift_y=\u00a0\u00bb0&Prime; shift_y_down=\u00a0\u00bb0&Prime; z_index=\u00a0\u00bb0&Prime; medium_width=\u00a0\u00bb0&Prime; mobile_width=\u00a0\u00bb0&Prime; width=\u00a0\u00bb1\/1&Prime; uncode_shortcode_id=\u00a0\u00bb920250&Prime;][vc_custom_heading heading_semantic=\u00a0\u00bbh3&Prime; text_size=\u00a0\u00bbfontsize-116374&Prime; text_weight=\u00a0\u00bb400&Prime; text_space=\u00a0\u00bbfontspace-211969&Prime; sub_reduced=\u00a0\u00bbyes\u00a0\u00bb uncode_shortcode_id=\u00a0\u00bb169485&Prime;]WELLNESS[\/vc_custom_heading][vc_custom_heading text_size=\u00a0\u00bbfontsize-498391&Prime; text_weight=\u00a0\u00bb700&Prime; uncode_shortcode_id=\u00a0\u00bb713586&Prime;]Il benessere dell\u2019intimit\u00e0[\/vc_custom_heading][vc_row_inner row_inner_height_percent=\u00a0\u00bb0&Prime; overlay_alpha=\u00a0\u00bb50&Prime; gutter_size=\u00a0\u00bb3&Prime; shift_y=\u00a0\u00bb0&Prime; z_index=\u00a0\u00bb0&Prime; uncode_shortcode_id=\u00a0\u00bb582699&Prime;][vc_column_inner width=\u00a0\u00bb2\/3&Prime;][vc_column_text text_lead=\u00a0\u00bbyes\u00a0\u00bb text_color=\u00a0\u00bbcolor-xsdn\u00a0\u00bb uncode_shortcode_id=\u00a0\u00bb164813&Prime; text_color_type=\u00a0\u00bbuncode-palette\u00a0\u00bb]Dai getti a cascata ai soffioni a parete: una variet\u00e0 di soluzioni che trasformano la doccia in un\u2019esperienza avvolgente.[\/vc_column_text][\/vc_column_inner][vc_column_inner width=\u00a0\u00bb1\/3&Prime;][\/vc_column_inner][\/vc_row_inner][vc_empty_space empty_h=\u00a0\u00bb1&Prime; mobile_visibility=\u00a0\u00bbyes\u00a0\u00bb][vc_button button_color=\u00a0\u00bbaccent\u00a0\u00bb border_width=\u00a0\u00bb0&Prime; scale_mobile=\u00a0\u00bbno\u00a0\u00bb button_color_type=\u00a0\u00bbuncode-palette\u00a0\u00bb uncode_shortcode_id=\u00a0\u00bb511160&Prime; link=\u00a0\u00bburl:https%3A%2F%2Fwww.gattonirubinetteria.com%2Fambienti%2Fwellness%2F|\u00a0\u00bb]SCOPRI[\/vc_button][\/vc_column][\/vc_row]<\/p>\n<\/div>","protected":false},"excerpt":{"rendered":"<p>[vc_row row_height_percent=\u00a0\u00bb100&Prime; back_image=\u00a0\u00bb494&Prime; back_repeat=\u00a0\u00bbno-repeat\u00a0\u00bb back_position=\u00a0\u00bbcenter center\u00a0\u00bb kburns=\u00a0\u00bbyes\u00a0\u00bb overlay_color=\u00a0\u00bbcolor-jevc\u00a0\u00bb overlay_alpha=\u00a0\u00bb50&Prime; gutter_size=\u00a0\u00bb3&Prime; column_width_percent=\u00a0\u00bb100&Prime; shift_y=\u00a0\u00bb0&Prime; z_index=\u00a0\u00bb0&Prime; uncode_shortcode_id=\u00a0\u00bb748046&Prime; overlay_color_type=\u00a0\u00bbuncode-palette\u00a0\u00bb row_name=\u00a0\u00bbbagno\u00a0\u00bb shape_dividers=\u00a0\u00bb\u00a0\u00bb][vc_column column_width_percent=\u00a0\u00bb100&Prime; position_vertical=\u00a0\u00bbmiddle\u00a0\u00bb gutter_size=\u00a0\u00bb2&Prime; [&hellip;]<\/p>\n","protected":false},"author":2,"featured_media":0,"parent":0,"menu_order":0,"comment_status":"closed","ping_status":"closed","template":"","meta":{"footnotes":""},"class_list":["post-31162","page","type-page","status-publish","hentry"],"acf":[],"yoast_head":"<!-- This site is optimized with the Yoast SEO plugin v24.8.1 - https:\/\/yoast.com\/wordpress\/plugins\/seo\/ -->\n<title>Gattoni Rubinetteria | 100% fabriqu\u00e9 en Italie<\/title>\n<meta name=\"description\" content=\"D\u00e9couvrez les robinets Gattoni S.p.A, la combinaison parfaite entre style, qualit\u00e9 Made in Italy et durabilit\u00e9 environnementale.\" \/>\n<meta name=\"robots\" content=\"index, follow, max-snippet:-1, max-image-preview:large, max-video-preview:-1\" \/>\n<link rel=\"canonical\" href=\"https:\/\/gattonirubinetteria.it\/fr\/home-2\/\" \/>\n<meta property=\"og:locale\" content=\"fr_FR\" \/>\n<meta property=\"og:type\" content=\"article\" \/>\n<meta property=\"og:title\" content=\"Gattoni Rubinetteria | 100% fabriqu\u00e9 en Italie\" \/>\n<meta property=\"og:description\" content=\"D\u00e9couvrez les robinets Gattoni S.p.A, la combinaison parfaite entre style, qualit\u00e9 Made in Italy et durabilit\u00e9 environnementale.\" \/>\n<meta property=\"og:url\" content=\"https:\/\/gattonirubinetteria.it\/fr\/home-2\/\" \/>\n<meta property=\"og:site_name\" content=\"Gattoni Rubinetteria\" \/>\n<meta property=\"article:publisher\" content=\"https:\/\/www.facebook.com\/gattoniwaterinlove\" \/>\n<meta property=\"article:modified_time\" content=\"2025-07-02T08:46:20+00:00\" \/>\n<meta property=\"og:image\" content=\"https:\/\/gattonirubinetteria.it\/wp-content\/uploads\/2023\/06\/Gattoni-linea-industrial.jpg\" \/>\n\t<meta property=\"og:image:width\" content=\"1800\" \/>\n\t<meta property=\"og:image:height\" content=\"1080\" \/>\n\t<meta property=\"og:image:type\" content=\"image\/jpeg\" \/>\n<meta name=\"twitter:card\" content=\"summary_large_image\" \/>\n<meta name=\"twitter:label1\" content=\"Dur\u00e9e de lecture estim\u00e9e\" \/>\n\t<meta name=\"twitter:data1\" content=\"2 minutes\" \/>\n<script type=\"application\/ld+json\" class=\"yoast-schema-graph\">{\"@context\":\"https:\/\/schema.org\",\"@graph\":[{\"@type\":\"WebPage\",\"@id\":\"https:\/\/gattonirubinetteria.it\/fr\/home-2\/\",\"url\":\"https:\/\/gattonirubinetteria.it\/fr\/home-2\/\",\"name\":\"Gattoni Rubinetteria | 100% fabriqu\u00e9 en Italie\",\"isPartOf\":{\"@id\":\"https:\/\/gattonirubinetteria.com\/fr\/#website\"},\"datePublished\":\"2025-07-02T08:46:17+00:00\",\"dateModified\":\"2025-07-02T08:46:20+00:00\",\"description\":\"D\u00e9couvrez les robinets Gattoni S.p.A, la combinaison parfaite entre style, qualit\u00e9 Made in Italy et durabilit\u00e9 environnementale.\",\"breadcrumb\":{\"@id\":\"https:\/\/gattonirubinetteria.it\/fr\/home-2\/#breadcrumb\"},\"inLanguage\":\"fr-FR\",\"potentialAction\":[{\"@type\":\"ReadAction\",\"target\":[\"https:\/\/gattonirubinetteria.it\/fr\/home-2\/\"]}]},{\"@type\":\"BreadcrumbList\",\"@id\":\"https:\/\/gattonirubinetteria.it\/fr\/home-2\/#breadcrumb\",\"itemListElement\":[{\"@type\":\"ListItem\",\"position\":1,\"name\":\"Home\",\"item\":\"https:\/\/gattonirubinetteria.com\/fr\/\"},{\"@type\":\"ListItem\",\"position\":2,\"name\":\"Home\"}]},{\"@type\":\"WebSite\",\"@id\":\"https:\/\/gattonirubinetteria.com\/fr\/#website\",\"url\":\"https:\/\/gattonirubinetteria.com\/fr\/\",\"name\":\"Gattoni Rubinetteria\",\"description\":\"WATER IN LOVE\",\"publisher\":{\"@id\":\"https:\/\/gattonirubinetteria.com\/fr\/#organization\"},\"alternateName\":\"Gattoni Rubinetteria S.p.A\",\"potentialAction\":[{\"@type\":\"SearchAction\",\"target\":{\"@type\":\"EntryPoint\",\"urlTemplate\":\"https:\/\/gattonirubinetteria.com\/fr\/?s={search_term_string}\"},\"query-input\":{\"@type\":\"PropertyValueSpecification\",\"valueRequired\":true,\"valueName\":\"search_term_string\"}}],\"inLanguage\":\"fr-FR\"},{\"@type\":\"Organization\",\"@id\":\"https:\/\/gattonirubinetteria.com\/fr\/#organization\",\"name\":\"Gattoni Rubinetteria S.p.A\",\"alternateName\":\"Gattoni\",\"url\":\"https:\/\/gattonirubinetteria.com\/fr\/\",\"logo\":{\"@type\":\"ImageObject\",\"inLanguage\":\"fr-FR\",\"@id\":\"https:\/\/gattonirubinetteria.com\/fr\/#\/schema\/logo\/image\/\",\"url\":\"https:\/\/gattonirubinetteria.com\/wp-content\/uploads\/2022\/12\/gattoni-rubinetteria-logo.png\",\"contentUrl\":\"https:\/\/gattonirubinetteria.com\/wp-content\/uploads\/2022\/12\/gattoni-rubinetteria-logo.png\",\"width\":756,\"height\":223,\"caption\":\"Gattoni Rubinetteria S.p.A\"},\"image\":{\"@id\":\"https:\/\/gattonirubinetteria.com\/fr\/#\/schema\/logo\/image\/\"},\"sameAs\":[\"https:\/\/www.facebook.com\/gattoniwaterinlove\",\"https:\/\/www.instagram.com\/gattonirubinetteria_official\/\",\"https:\/\/www.linkedin.com\/company\/gattoni-rubinetteria\/\"]}]}<\/script>\n<!-- \/ Yoast SEO plugin. -->","yoast_head_json":{"title":"Gattoni Rubinetteria | 100% fabriqu\u00e9 en Italie","description":"D\u00e9couvrez les robinets Gattoni S.p.A, la combinaison parfaite entre style, qualit\u00e9 Made in Italy et durabilit\u00e9 environnementale.","robots":{"index":"index","follow":"follow","max-snippet":"max-snippet:-1","max-image-preview":"max-image-preview:large","max-video-preview":"max-video-preview:-1"},"canonical":"https:\/\/gattonirubinetteria.it\/fr\/home-2\/","og_locale":"fr_FR","og_type":"article","og_title":"Gattoni Rubinetteria | 100% fabriqu\u00e9 en Italie","og_description":"D\u00e9couvrez les robinets Gattoni S.p.A, la combinaison parfaite entre style, qualit\u00e9 Made in Italy et durabilit\u00e9 environnementale.","og_url":"https:\/\/gattonirubinetteria.it\/fr\/home-2\/","og_site_name":"Gattoni Rubinetteria","article_publisher":"https:\/\/www.facebook.com\/gattoniwaterinlove","article_modified_time":"2025-07-02T08:46:20+00:00","og_image":[{"width":1800,"height":1080,"url":"https:\/\/gattonirubinetteria.it\/wp-content\/uploads\/2023\/06\/Gattoni-linea-industrial.jpg","type":"image\/jpeg"}],"twitter_card":"summary_large_image","twitter_misc":{"Dur\u00e9e de lecture estim\u00e9e":"2 minutes"},"schema":{"@context":"https:\/\/schema.org","@graph":[{"@type":"WebPage","@id":"https:\/\/gattonirubinetteria.it\/fr\/home-2\/","url":"https:\/\/gattonirubinetteria.it\/fr\/home-2\/","name":"Gattoni Rubinetteria | 100% fabriqu\u00e9 en Italie","isPartOf":{"@id":"https:\/\/gattonirubinetteria.com\/fr\/#website"},"datePublished":"2025-07-02T08:46:17+00:00","dateModified":"2025-07-02T08:46:20+00:00","description":"D\u00e9couvrez les robinets Gattoni S.p.A, la combinaison parfaite entre style, qualit\u00e9 Made in Italy et durabilit\u00e9 environnementale.","breadcrumb":{"@id":"https:\/\/gattonirubinetteria.it\/fr\/home-2\/#breadcrumb"},"inLanguage":"fr-FR","potentialAction":[{"@type":"ReadAction","target":["https:\/\/gattonirubinetteria.it\/fr\/home-2\/"]}]},{"@type":"BreadcrumbList","@id":"https:\/\/gattonirubinetteria.it\/fr\/home-2\/#breadcrumb","itemListElement":[{"@type":"ListItem","position":1,"name":"Home","item":"https:\/\/gattonirubinetteria.com\/fr\/"},{"@type":"ListItem","position":2,"name":"Home"}]},{"@type":"WebSite","@id":"https:\/\/gattonirubinetteria.com\/fr\/#website","url":"https:\/\/gattonirubinetteria.com\/fr\/","name":"Gattoni Rubinetteria","description":"WATER IN LOVE","publisher":{"@id":"https:\/\/gattonirubinetteria.com\/fr\/#organization"},"alternateName":"Gattoni Rubinetteria S.p.A","potentialAction":[{"@type":"SearchAction","target":{"@type":"EntryPoint","urlTemplate":"https:\/\/gattonirubinetteria.com\/fr\/?s={search_term_string}"},"query-input":{"@type":"PropertyValueSpecification","valueRequired":true,"valueName":"search_term_string"}}],"inLanguage":"fr-FR"},{"@type":"Organization","@id":"https:\/\/gattonirubinetteria.com\/fr\/#organization","name":"Gattoni Rubinetteria S.p.A","alternateName":"Gattoni","url":"https:\/\/gattonirubinetteria.com\/fr\/","logo":{"@type":"ImageObject","inLanguage":"fr-FR","@id":"https:\/\/gattonirubinetteria.com\/fr\/#\/schema\/logo\/image\/","url":"https:\/\/gattonirubinetteria.com\/wp-content\/uploads\/2022\/12\/gattoni-rubinetteria-logo.png","contentUrl":"https:\/\/gattonirubinetteria.com\/wp-content\/uploads\/2022\/12\/gattoni-rubinetteria-logo.png","width":756,"height":223,"caption":"Gattoni Rubinetteria S.p.A"},"image":{"@id":"https:\/\/gattonirubinetteria.com\/fr\/#\/schema\/logo\/image\/"},"sameAs":["https:\/\/www.facebook.com\/gattoniwaterinlove","https:\/\/www.instagram.com\/gattonirubinetteria_official\/","https:\/\/www.linkedin.com\/company\/gattoni-rubinetteria\/"]}]}},"_links":{"self":[{"href":"https:\/\/gattonirubinetteria.it\/fr\/wp-json\/wp\/v2\/pages\/31162","targetHints":{"allow":["GET"]}}],"collection":[{"href":"https:\/\/gattonirubinetteria.it\/fr\/wp-json\/wp\/v2\/pages"}],"about":[{"href":"https:\/\/gattonirubinetteria.it\/fr\/wp-json\/wp\/v2\/types\/page"}],"author":[{"embeddable":true,"href":"https:\/\/gattonirubinetteria.it\/fr\/wp-json\/wp\/v2\/users\/2"}],"replies":[{"embeddable":true,"href":"https:\/\/gattonirubinetteria.it\/fr\/wp-json\/wp\/v2\/comments?post=31162"}],"version-history":[{"count":2,"href":"https:\/\/gattonirubinetteria.it\/fr\/wp-json\/wp\/v2\/pages\/31162\/revisions"}],"predecessor-version":[{"id":31168,"href":"https:\/\/gattonirubinetteria.it\/fr\/wp-json\/wp\/v2\/pages\/31162\/revisions\/31168"}],"wp:attachment":[{"href":"https:\/\/gattonirubinetteria.it\/fr\/wp-json\/wp\/v2\/media?parent=31162"}],"curies":[{"name":"wp","href":"https:\/\/api.w.org\/{rel}","templated":true}]}}