{"id":7249,"date":"2023-07-07T14:48:21","date_gmt":"2023-07-07T14:48:21","guid":{"rendered":"https:\/\/gattonirubinetteria.it\/prodotto\/ts994-25\/"},"modified":"2025-07-16T20:29:24","modified_gmt":"2025-07-16T20:29:24","slug":"ts994-25","status":"publish","type":"product","link":"https:\/\/gattonirubinetteria.it\/fr\/prodotto\/ts994-25\/","title":{"rendered":"TS994\/25"},"content":{"rendered":"<p><strong>CHROME<\/strong><br \/>\nMitigeur thermostatique douche \u00e0 encastr\u00e9 avec inverseur<\/p>\n<hr \/>\n<p><span style=\"color: #ffffff;\"><strong><a style=\"background: #e52521; padding: 10px; color: #ffffff;\" href=\"https:\/\/gattonirubinetteria.it\/wp-content\/uploads\/2023\/07\/S-ts994-25.pdf\" target=\"_blank\" rel=\"noopener\">Fiche Technique<\/a><\/strong><\/span> <span style=\"color: #ffffff;\"><strong><a style=\"background: #e52521; padding: 10px; color: #ffffff;\" href=\"https:\/\/gattonirubinetteria.it\/wp-content\/uploads\/2024\/07\/LISTINO-2024-Serie-Color-Cube.pdf\" target=\"_blank\" rel=\"noopener\">Catalogue de s\u00e9ries<\/a><\/strong><\/span><\/p>\n<p><span class='pum-trigger  popmake-30675   ' data-do-default=''><span style=\"color: #ffffff\"><strong><a style=\"background: #e52521;padding: 10px;color: #ffffff\">Fiche de Pi\u00e8ces D\u00e9tach\u00e9es<i class=\"popmake-30675\u200b\" aria-hidden=\"true\"><\/i><\/a><\/strong><\/span><\/span> <span class='pum-trigger  popmake-30675   ' data-do-default=''><span style=\"color: #ffffff\"><strong><a style=\"background: #e52521;padding: 10px;color: #ffffff\">Fichier 3D <i class=\"popmake-30675\u200b\" aria-hidden=\"true\"><\/i><\/a><\/strong><\/span><\/span><\/p>\n<p>&nbsp;<\/p>\n","protected":false},"excerpt":{"rendered":"<p class=\"p1\"><strong>Disponibile in<\/strong>: finitura 1, finitura2, finitura 3<\/p>\n","protected":false},"featured_media":4665,"template":"","meta":[],"product_brand":[],"product_cat":[96,125],"product_tag":[],"class_list":{"0":"post-7249","1":"product","2":"type-product","3":"status-publish","4":"has-post-thumbnail","6":"product_cat-color-cube-fr","7":"product_cat-kubik-fr","9":"first","10":"instock","11":"downloadable","12":"virtual","13":"product-type-simple"},"acf":[],"yoast_head":"<!-- This site is optimized with the Yoast SEO plugin v24.8.1 - https:\/\/yoast.com\/wordpress\/plugins\/seo\/ -->\n<title>Gattoni Rubinetteria - Miscelatore TS994\/25<\/title>\n<meta name=\"description\" content=\"Scopri tutti i dettagli del miscelatore Gattoni modello TS994\/25, disponibile in una vasta gamma di finiture per adattarsi a tutte le vostre esigenze\" \/>\n<meta name=\"robots\" content=\"index, follow, max-snippet:-1, max-image-preview:large, max-video-preview:-1\" \/>\n<link rel=\"canonical\" href=\"https:\/\/gattonirubinetteria.it\/fr\/prodotto\/ts994-25\/\" \/>\n<meta property=\"og:locale\" content=\"fr_FR\" \/>\n<meta property=\"og:type\" content=\"article\" \/>\n<meta property=\"og:title\" content=\"Gattoni Rubinetteria - Miscelatore TS994\/25\" \/>\n<meta property=\"og:description\" content=\"Scopri tutti i dettagli del miscelatore Gattoni modello TS994\/25, disponibile in una vasta gamma di finiture per adattarsi a tutte le vostre esigenze\" \/>\n<meta property=\"og:url\" content=\"https:\/\/gattonirubinetteria.it\/fr\/prodotto\/ts994-25\/\" \/>\n<meta property=\"og:site_name\" content=\"Gattoni Rubinetteria\" \/>\n<meta property=\"article:publisher\" content=\"https:\/\/www.facebook.com\/gattoniwaterinlove\" \/>\n<meta property=\"article:modified_time\" content=\"2025-07-16T20:29:24+00:00\" \/>\n<meta property=\"og:image\" content=\"https:\/\/gattonirubinetteria.it\/wp-content\/uploads\/2023\/07\/TS994_25.jpg\" \/>\n\t<meta property=\"og:image:width\" content=\"1080\" \/>\n\t<meta property=\"og:image:height\" content=\"1080\" \/>\n\t<meta property=\"og:image:type\" content=\"image\/jpeg\" \/>\n<meta name=\"twitter:card\" content=\"summary_large_image\" \/>\n<meta name=\"twitter:label1\" content=\"Dur\u00e9e de lecture estim\u00e9e\" \/>\n\t<meta name=\"twitter:data1\" content=\"1 minute\" \/>\n<script type=\"application\/ld+json\" class=\"yoast-schema-graph\">{\"@context\":\"https:\/\/schema.org\",\"@graph\":[{\"@type\":\"WebPage\",\"@id\":\"https:\/\/gattonirubinetteria.it\/fr\/prodotto\/ts994-25\/\",\"url\":\"https:\/\/gattonirubinetteria.it\/fr\/prodotto\/ts994-25\/\",\"name\":\"Gattoni Rubinetteria - Miscelatore TS994\/25\",\"isPartOf\":{\"@id\":\"https:\/\/gattonirubinetteria.it\/fr\/#website\"},\"primaryImageOfPage\":{\"@id\":\"https:\/\/gattonirubinetteria.it\/fr\/prodotto\/ts994-25\/#primaryimage\"},\"image\":{\"@id\":\"https:\/\/gattonirubinetteria.it\/fr\/prodotto\/ts994-25\/#primaryimage\"},\"thumbnailUrl\":\"https:\/\/gattonirubinetteria.it\/wp-content\/uploads\/2023\/07\/TS994_25.jpg\",\"datePublished\":\"2023-07-07T14:48:21+00:00\",\"dateModified\":\"2025-07-16T20:29:24+00:00\",\"description\":\"Scopri tutti i dettagli del miscelatore Gattoni modello TS994\/25, disponibile in una vasta gamma di finiture per adattarsi a tutte le vostre esigenze\",\"breadcrumb\":{\"@id\":\"https:\/\/gattonirubinetteria.it\/fr\/prodotto\/ts994-25\/#breadcrumb\"},\"inLanguage\":\"fr-FR\",\"potentialAction\":[{\"@type\":\"ReadAction\",\"target\":[\"https:\/\/gattonirubinetteria.it\/fr\/prodotto\/ts994-25\/\"]}]},{\"@type\":\"ImageObject\",\"inLanguage\":\"fr-FR\",\"@id\":\"https:\/\/gattonirubinetteria.it\/fr\/prodotto\/ts994-25\/#primaryimage\",\"url\":\"https:\/\/gattonirubinetteria.it\/wp-content\/uploads\/2023\/07\/TS994_25.jpg\",\"contentUrl\":\"https:\/\/gattonirubinetteria.it\/wp-content\/uploads\/2023\/07\/TS994_25.jpg\",\"width\":1080,\"height\":1080,\"caption\":\"Render Gattoni rubinetteria bagno serie Color Cube\"},{\"@type\":\"BreadcrumbList\",\"@id\":\"https:\/\/gattonirubinetteria.it\/fr\/prodotto\/ts994-25\/#breadcrumb\",\"itemListElement\":[{\"@type\":\"ListItem\",\"position\":1,\"name\":\"Home\",\"item\":\"https:\/\/gattonirubinetteria.com\/fr\/\"},{\"@type\":\"ListItem\",\"position\":2,\"name\":\"Produits\",\"item\":\"https:\/\/gattonirubinetteria.it\/fr\/shop\/\"},{\"@type\":\"ListItem\",\"position\":3,\"name\":\"Salle de bain\",\"item\":\"https:\/\/gattonirubinetteria.it\/fr\/categoria-prodotto\/salle-de-bain\/\"},{\"@type\":\"ListItem\",\"position\":4,\"name\":\"Color Cube\",\"item\":\"https:\/\/gattonirubinetteria.it\/fr\/categoria-prodotto\/salle-de-bain\/color-cube-fr\/\"},{\"@type\":\"ListItem\",\"position\":5,\"name\":\"TS994\/25\"}]},{\"@type\":\"WebSite\",\"@id\":\"https:\/\/gattonirubinetteria.it\/fr\/#website\",\"url\":\"https:\/\/gattonirubinetteria.it\/fr\/\",\"name\":\"Gattoni Rubinetteria\",\"description\":\"WATER IN LOVE\",\"publisher\":{\"@id\":\"https:\/\/gattonirubinetteria.it\/fr\/#organization\"},\"alternateName\":\"Gattoni Rubinetteria S.p.A\",\"potentialAction\":[{\"@type\":\"SearchAction\",\"target\":{\"@type\":\"EntryPoint\",\"urlTemplate\":\"https:\/\/gattonirubinetteria.it\/fr\/?s={search_term_string}\"},\"query-input\":{\"@type\":\"PropertyValueSpecification\",\"valueRequired\":true,\"valueName\":\"search_term_string\"}}],\"inLanguage\":\"fr-FR\"},{\"@type\":\"Organization\",\"@id\":\"https:\/\/gattonirubinetteria.it\/fr\/#organization\",\"name\":\"Gattoni Rubinetteria S.p.A\",\"alternateName\":\"Gattoni\",\"url\":\"https:\/\/gattonirubinetteria.it\/fr\/\",\"logo\":{\"@type\":\"ImageObject\",\"inLanguage\":\"fr-FR\",\"@id\":\"https:\/\/gattonirubinetteria.it\/fr\/#\/schema\/logo\/image\/\",\"url\":\"https:\/\/gattonirubinetteria.com\/wp-content\/uploads\/2022\/12\/gattoni-rubinetteria-logo.png\",\"contentUrl\":\"https:\/\/gattonirubinetteria.com\/wp-content\/uploads\/2022\/12\/gattoni-rubinetteria-logo.png\",\"width\":756,\"height\":223,\"caption\":\"Gattoni Rubinetteria S.p.A\"},\"image\":{\"@id\":\"https:\/\/gattonirubinetteria.it\/fr\/#\/schema\/logo\/image\/\"},\"sameAs\":[\"https:\/\/www.facebook.com\/gattoniwaterinlove\",\"https:\/\/www.instagram.com\/gattonirubinetteria_official\/\",\"https:\/\/www.linkedin.com\/company\/gattoni-rubinetteria\/\"]}]}<\/script>\n<!-- \/ Yoast SEO plugin. -->","yoast_head_json":{"title":"Gattoni Rubinetteria - Miscelatore TS994\/25","description":"Scopri tutti i dettagli del miscelatore Gattoni modello TS994\/25, disponibile in una vasta gamma di finiture per adattarsi a tutte le vostre esigenze","robots":{"index":"index","follow":"follow","max-snippet":"max-snippet:-1","max-image-preview":"max-image-preview:large","max-video-preview":"max-video-preview:-1"},"canonical":"https:\/\/gattonirubinetteria.it\/fr\/prodotto\/ts994-25\/","og_locale":"fr_FR","og_type":"article","og_title":"Gattoni Rubinetteria - Miscelatore TS994\/25","og_description":"Scopri tutti i dettagli del miscelatore Gattoni modello TS994\/25, disponibile in una vasta gamma di finiture per adattarsi a tutte le vostre esigenze","og_url":"https:\/\/gattonirubinetteria.it\/fr\/prodotto\/ts994-25\/","og_site_name":"Gattoni Rubinetteria","article_publisher":"https:\/\/www.facebook.com\/gattoniwaterinlove","article_modified_time":"2025-07-16T20:29:24+00:00","og_image":[{"width":1080,"height":1080,"url":"https:\/\/gattonirubinetteria.it\/wp-content\/uploads\/2023\/07\/TS994_25.jpg","type":"image\/jpeg"}],"twitter_card":"summary_large_image","twitter_misc":{"Dur\u00e9e de lecture estim\u00e9e":"1 minute"},"schema":{"@context":"https:\/\/schema.org","@graph":[{"@type":"WebPage","@id":"https:\/\/gattonirubinetteria.it\/fr\/prodotto\/ts994-25\/","url":"https:\/\/gattonirubinetteria.it\/fr\/prodotto\/ts994-25\/","name":"Gattoni Rubinetteria - Miscelatore TS994\/25","isPartOf":{"@id":"https:\/\/gattonirubinetteria.it\/fr\/#website"},"primaryImageOfPage":{"@id":"https:\/\/gattonirubinetteria.it\/fr\/prodotto\/ts994-25\/#primaryimage"},"image":{"@id":"https:\/\/gattonirubinetteria.it\/fr\/prodotto\/ts994-25\/#primaryimage"},"thumbnailUrl":"https:\/\/gattonirubinetteria.it\/wp-content\/uploads\/2023\/07\/TS994_25.jpg","datePublished":"2023-07-07T14:48:21+00:00","dateModified":"2025-07-16T20:29:24+00:00","description":"Scopri tutti i dettagli del miscelatore Gattoni modello TS994\/25, disponibile in una vasta gamma di finiture per adattarsi a tutte le vostre esigenze","breadcrumb":{"@id":"https:\/\/gattonirubinetteria.it\/fr\/prodotto\/ts994-25\/#breadcrumb"},"inLanguage":"fr-FR","potentialAction":[{"@type":"ReadAction","target":["https:\/\/gattonirubinetteria.it\/fr\/prodotto\/ts994-25\/"]}]},{"@type":"ImageObject","inLanguage":"fr-FR","@id":"https:\/\/gattonirubinetteria.it\/fr\/prodotto\/ts994-25\/#primaryimage","url":"https:\/\/gattonirubinetteria.it\/wp-content\/uploads\/2023\/07\/TS994_25.jpg","contentUrl":"https:\/\/gattonirubinetteria.it\/wp-content\/uploads\/2023\/07\/TS994_25.jpg","width":1080,"height":1080,"caption":"Render Gattoni rubinetteria bagno serie Color Cube"},{"@type":"BreadcrumbList","@id":"https:\/\/gattonirubinetteria.it\/fr\/prodotto\/ts994-25\/#breadcrumb","itemListElement":[{"@type":"ListItem","position":1,"name":"Home","item":"https:\/\/gattonirubinetteria.com\/fr\/"},{"@type":"ListItem","position":2,"name":"Produits","item":"https:\/\/gattonirubinetteria.it\/fr\/shop\/"},{"@type":"ListItem","position":3,"name":"Salle de bain","item":"https:\/\/gattonirubinetteria.it\/fr\/categoria-prodotto\/salle-de-bain\/"},{"@type":"ListItem","position":4,"name":"Color Cube","item":"https:\/\/gattonirubinetteria.it\/fr\/categoria-prodotto\/salle-de-bain\/color-cube-fr\/"},{"@type":"ListItem","position":5,"name":"TS994\/25"}]},{"@type":"WebSite","@id":"https:\/\/gattonirubinetteria.it\/fr\/#website","url":"https:\/\/gattonirubinetteria.it\/fr\/","name":"Gattoni Rubinetteria","description":"WATER IN LOVE","publisher":{"@id":"https:\/\/gattonirubinetteria.it\/fr\/#organization"},"alternateName":"Gattoni Rubinetteria S.p.A","potentialAction":[{"@type":"SearchAction","target":{"@type":"EntryPoint","urlTemplate":"https:\/\/gattonirubinetteria.it\/fr\/?s={search_term_string}"},"query-input":{"@type":"PropertyValueSpecification","valueRequired":true,"valueName":"search_term_string"}}],"inLanguage":"fr-FR"},{"@type":"Organization","@id":"https:\/\/gattonirubinetteria.it\/fr\/#organization","name":"Gattoni Rubinetteria S.p.A","alternateName":"Gattoni","url":"https:\/\/gattonirubinetteria.it\/fr\/","logo":{"@type":"ImageObject","inLanguage":"fr-FR","@id":"https:\/\/gattonirubinetteria.it\/fr\/#\/schema\/logo\/image\/","url":"https:\/\/gattonirubinetteria.com\/wp-content\/uploads\/2022\/12\/gattoni-rubinetteria-logo.png","contentUrl":"https:\/\/gattonirubinetteria.com\/wp-content\/uploads\/2022\/12\/gattoni-rubinetteria-logo.png","width":756,"height":223,"caption":"Gattoni Rubinetteria S.p.A"},"image":{"@id":"https:\/\/gattonirubinetteria.it\/fr\/#\/schema\/logo\/image\/"},"sameAs":["https:\/\/www.facebook.com\/gattoniwaterinlove","https:\/\/www.instagram.com\/gattonirubinetteria_official\/","https:\/\/www.linkedin.com\/company\/gattoni-rubinetteria\/"]}]}},"_links":{"self":[{"href":"https:\/\/gattonirubinetteria.it\/fr\/wp-json\/wp\/v2\/product\/7249","targetHints":{"allow":["GET"]}}],"collection":[{"href":"https:\/\/gattonirubinetteria.it\/fr\/wp-json\/wp\/v2\/product"}],"about":[{"href":"https:\/\/gattonirubinetteria.it\/fr\/wp-json\/wp\/v2\/types\/product"}],"wp:featuredmedia":[{"embeddable":true,"href":"https:\/\/gattonirubinetteria.it\/fr\/wp-json\/wp\/v2\/media\/4665"}],"wp:attachment":[{"href":"https:\/\/gattonirubinetteria.it\/fr\/wp-json\/wp\/v2\/media?parent=7249"}],"wp:term":[{"taxonomy":"product_brand","embeddable":true,"href":"https:\/\/gattonirubinetteria.it\/fr\/wp-json\/wp\/v2\/product_brand?post=7249"},{"taxonomy":"product_cat","embeddable":true,"href":"https:\/\/gattonirubinetteria.it\/fr\/wp-json\/wp\/v2\/product_cat?post=7249"},{"taxonomy":"product_tag","embeddable":true,"href":"https:\/\/gattonirubinetteria.it\/fr\/wp-json\/wp\/v2\/product_tag?post=7249"}],"curies":[{"name":"wp","href":"https:\/\/api.w.org\/{rel}","templated":true}]}}