{"id":16534,"date":"2023-09-23T13:20:07","date_gmt":"2023-09-23T13:20:07","guid":{"rendered":"https:\/\/gattonirubinetteria.it\/g-news\/"},"modified":"2023-10-30T10:22:35","modified_gmt":"2023-10-30T10:22:35","slug":"g-news","status":"publish","type":"page","link":"https:\/\/gattonirubinetteria.it\/pt-pt\/g-news\/","title":{"rendered":"G News"},"content":{"rendered":"<div class=\"wpb-content-wrapper\"><p>[vc_row row_height_percent=&#8221;47&#8243; back_image=&#8221;4977&#8243; back_repeat=&#8221;no-repeat&#8221; kburns=&#8221;yes&#8221; overlay_alpha=&#8221;50&#8243; gutter_size=&#8221;3&#8243; column_width_percent=&#8221;100&#8243; shift_y=&#8221;0&#8243; z_index=&#8221;0&#8243; uncode_shortcode_id=&#8221;165758&#8243;][vc_column column_width_percent=&#8221;100&#8243; position_vertical=&#8221;middle&#8221; gutter_size=&#8221;3&#8243; overlay_alpha=&#8221;50&#8243; shift_x=&#8221;0&#8243; shift_y=&#8221;0&#8243; shift_y_down=&#8221;0&#8243; z_index=&#8221;0&#8243; medium_width=&#8221;0&#8243; mobile_width=&#8221;0&#8243; width=&#8221;1\/1&#8243; mobile_height=&#8221;340&#8243; uncode_shortcode_id=&#8221;829239&#8243;][vc_custom_heading text_color=&#8221;color-xsdn&#8221; heading_semantic=&#8221;h1&#8243; text_size=&#8221;fontsize-990664&#8243; text_weight=&#8221;700&#8243; uncode_shortcode_id=&#8221;955239&#8243; text_color_type=&#8221;uncode-palette&#8221;]G News[\/vc_custom_heading][\/vc_column][\/vc_row][vc_row row_height_percent=&#8221;0&#8243; override_padding=&#8221;yes&#8221; h_padding=&#8221;2&#8243; top_padding=&#8221;1&#8243; bottom_padding=&#8221;4&#8243; back_color=&#8221;color-wayh&#8221; overlay_alpha=&#8221;50&#8243; gutter_size=&#8221;3&#8243; column_width_percent=&#8221;100&#8243; shift_y=&#8221;0&#8243; z_index=&#8221;0&#8243; uncode_shortcode_id=&#8221;179727&#8243; back_color_type=&#8221;uncode-palette&#8221; css=&#8221;.vc_custom_1695470344540{padding-top: 60px !important;padding-bottom: 30px !important;}&#8221;][vc_column column_width_percent=&#8221;100&#8243; position_vertical=&#8221;middle&#8221; align_horizontal=&#8221;align_center&#8221; gutter_size=&#8221;0&#8243; style=&#8221;dark&#8221; overlay_alpha=&#8221;50&#8243; shift_x=&#8221;0&#8243; shift_y=&#8221;0&#8243; shift_y_down=&#8221;0&#8243; z_index=&#8221;0&#8243; medium_width=&#8221;0&#8243; mobile_width=&#8221;0&#8243; width=&#8221;1\/1&#8243; uncode_shortcode_id=&#8221;213369&#8243;][vc_custom_heading heading_semantic=&#8221;h3&#8243; text_size=&#8221;fontsize-464811&#8243; text_weight=&#8221;400&#8243; text_transform=&#8221;uppercase&#8221; text_space=&#8221;fontspace-378815&#8243; sub_reduced=&#8221;yes&#8221; uncode_shortcode_id=&#8221;200495&#8243;]g news[\/vc_custom_heading][vc_custom_heading heading_semantic=&#8221;h1&#8243; text_size=&#8221;h1&#8243; text_weight=&#8221;700&#8243; separator=&#8221;yes&#8221; separator_color=&#8221;yes&#8221; sub_lead=&#8221;small&#8221; uncode_shortcode_id=&#8221;945323&#8243;]As \u00faltimas actualiza\u00e7\u00f5es da Gattoni Rubinetteria[\/vc_custom_heading][vc_empty_space empty_h=&#8221;2&#8243;][vc_row_inner][vc_column_inner width=&#8221;1\/1&#8243;][vc_column_text text_color=&#8221;color-xsdn&#8221; uncode_shortcode_id=&#8221;141419&#8243; text_color_type=&#8221;uncode-palette&#8221; css=&#8221;.vc_custom_1698661252435{margin-top: 20px !important;margin-bottom: 20px !important;}&#8221;]<\/p>\n<p style=\"text-align: center;\">Bem-vindo \u00e0 sec\u00e7\u00e3o de not\u00edcias da Gattoni Rubinetteria. Aqui encontrar\u00e1 as mais recentes actualiza\u00e7\u00f5es, inova\u00e7\u00f5es e ideias do mundo Gattoni. Desde a introdu\u00e7\u00e3o de novos produtos at\u00e9 \u00e0s tend\u00eancias da ind\u00fastria, eventos e muito mais, fique atento para mergulhar no cora\u00e7\u00e3o pulsante da excel\u00eancia da nossa marca e no compromisso com o artesanato italiano.<\/p>\n<p>[\/vc_column_text][\/vc_column_inner][\/vc_row_inner][\/vc_column][\/vc_row][vc_row][vc_column width=&#8221;1\/1&#8243;][uncode_index el_id=&#8221;index-194408&#8243; loop=&#8221;size:10|order_by:date|post_type:post|categories:128|taxonomy_count:10&#8243; screen_lg=&#8221;1000&#8243; screen_md=&#8221;600&#8243; screen_sm=&#8221;480&#8243; gutter_size=&#8221;3&#8243; post_items=&#8221;media|featured|onpost|original,title,category|nobg|relative|display-icon,date,link|default|small_size|scale_mobile&#8221; single_overlay_opacity=&#8221;50&#8243; single_padding=&#8221;2&#8243; single_title_dimension=&#8221;fontsize-116374&#8243; uncode_shortcode_id=&#8221;229506&#8243;][\/vc_column][\/vc_row]<\/p>\n<\/div>","protected":false},"excerpt":{"rendered":"<p>[vc_row row_height_percent=&#8221;47&#8243; back_image=&#8221;4977&#8243; back_repeat=&#8221;no-repeat&#8221; kburns=&#8221;yes&#8221; overlay_alpha=&#8221;50&#8243; gutter_size=&#8221;3&#8243; column_width_percent=&#8221;100&#8243; shift_y=&#8221;0&#8243; z_index=&#8221;0&#8243; uncode_shortcode_id=&#8221;165758&#8243;][vc_column column_width_percent=&#8221;100&#8243; position_vertical=&#8221;middle&#8221; gutter_size=&#8221;3&#8243; overlay_alpha=&#8221;50&#8243; shift_x=&#8221;0&#8243; shift_y=&#8221;0&#8243; shift_y_down=&#8221;0&#8243; z_index=&#8221;0&#8243; medium_width=&#8221;0&#8243; [&hellip;]<\/p>\n","protected":false},"author":2,"featured_media":0,"parent":0,"menu_order":0,"comment_status":"closed","ping_status":"closed","template":"","meta":{"footnotes":""},"class_list":["post-16534","page","type-page","status-publish","hentry"],"acf":[],"yoast_head":"<!-- This site is optimized with the Yoast SEO plugin v24.8.1 - https:\/\/yoast.com\/wordpress\/plugins\/seo\/ -->\n<title>G News - Gattoni Rubinetteria<\/title>\n<meta name=\"description\" content=\"Contatta lo staff Di Gattoni Rubinetteria S.p.A. per tutte le tue esigenze riguardanti i nostri prodotti e le nostre finiture.\" \/>\n<meta name=\"robots\" content=\"index, follow, max-snippet:-1, max-image-preview:large, max-video-preview:-1\" \/>\n<link rel=\"canonical\" href=\"https:\/\/gattonirubinetteria.it\/pt-pt\/g-news\/\" \/>\n<meta property=\"og:locale\" content=\"pt_PT\" \/>\n<meta property=\"og:type\" content=\"article\" \/>\n<meta property=\"og:title\" content=\"G News - Gattoni Rubinetteria\" \/>\n<meta property=\"og:description\" content=\"Contatta lo staff Di Gattoni Rubinetteria S.p.A. per tutte le tue esigenze riguardanti i nostri prodotti e le nostre finiture.\" \/>\n<meta property=\"og:url\" content=\"https:\/\/gattonirubinetteria.it\/pt-pt\/g-news\/\" \/>\n<meta property=\"og:site_name\" content=\"Gattoni Rubinetteria\" \/>\n<meta property=\"article:publisher\" content=\"https:\/\/www.facebook.com\/gattoniwaterinlove\" \/>\n<meta property=\"article:modified_time\" content=\"2023-10-30T10:22:35+00:00\" \/>\n<meta property=\"og:image\" content=\"https:\/\/gattonirubinetteria.it\/wp-content\/uploads\/2023\/06\/Gattoni-linea-industrial.jpg\" \/>\n\t<meta property=\"og:image:width\" content=\"1800\" \/>\n\t<meta property=\"og:image:height\" content=\"1080\" \/>\n\t<meta property=\"og:image:type\" content=\"image\/jpeg\" \/>\n<meta name=\"twitter:card\" content=\"summary_large_image\" \/>\n<meta name=\"twitter:label1\" content=\"Tempo estimado de leitura\" \/>\n\t<meta name=\"twitter:data1\" content=\"1 minuto\" \/>\n<script type=\"application\/ld+json\" class=\"yoast-schema-graph\">{\"@context\":\"https:\/\/schema.org\",\"@graph\":[{\"@type\":\"WebPage\",\"@id\":\"https:\/\/gattonirubinetteria.it\/pt-pt\/g-news\/\",\"url\":\"https:\/\/gattonirubinetteria.it\/pt-pt\/g-news\/\",\"name\":\"G News - Gattoni Rubinetteria\",\"isPartOf\":{\"@id\":\"https:\/\/gattonirubinetteria.com\/pt-pt\/#website\"},\"datePublished\":\"2023-09-23T13:20:07+00:00\",\"dateModified\":\"2023-10-30T10:22:35+00:00\",\"description\":\"Contatta lo staff Di Gattoni Rubinetteria S.p.A. per tutte le tue esigenze riguardanti i nostri prodotti e le nostre finiture.\",\"breadcrumb\":{\"@id\":\"https:\/\/gattonirubinetteria.it\/pt-pt\/g-news\/#breadcrumb\"},\"inLanguage\":\"pt-PT\",\"potentialAction\":[{\"@type\":\"ReadAction\",\"target\":[\"https:\/\/gattonirubinetteria.it\/pt-pt\/g-news\/\"]}]},{\"@type\":\"BreadcrumbList\",\"@id\":\"https:\/\/gattonirubinetteria.it\/pt-pt\/g-news\/#breadcrumb\",\"itemListElement\":[{\"@type\":\"ListItem\",\"position\":1,\"name\":\"Home\",\"item\":\"https:\/\/gattonirubinetteria.it\/pt-pt\/\"},{\"@type\":\"ListItem\",\"position\":2,\"name\":\"G News\"}]},{\"@type\":\"WebSite\",\"@id\":\"https:\/\/gattonirubinetteria.com\/pt-pt\/#website\",\"url\":\"https:\/\/gattonirubinetteria.com\/pt-pt\/\",\"name\":\"Gattoni Rubinetteria\",\"description\":\"WATER IN LOVE\",\"publisher\":{\"@id\":\"https:\/\/gattonirubinetteria.com\/pt-pt\/#organization\"},\"alternateName\":\"Gattoni Rubinetteria S.p.A\",\"potentialAction\":[{\"@type\":\"SearchAction\",\"target\":{\"@type\":\"EntryPoint\",\"urlTemplate\":\"https:\/\/gattonirubinetteria.com\/pt-pt\/?s={search_term_string}\"},\"query-input\":{\"@type\":\"PropertyValueSpecification\",\"valueRequired\":true,\"valueName\":\"search_term_string\"}}],\"inLanguage\":\"pt-PT\"},{\"@type\":\"Organization\",\"@id\":\"https:\/\/gattonirubinetteria.com\/pt-pt\/#organization\",\"name\":\"Gattoni Rubinetteria S.p.A\",\"alternateName\":\"Gattoni\",\"url\":\"https:\/\/gattonirubinetteria.com\/pt-pt\/\",\"logo\":{\"@type\":\"ImageObject\",\"inLanguage\":\"pt-PT\",\"@id\":\"https:\/\/gattonirubinetteria.com\/pt-pt\/#\/schema\/logo\/image\/\",\"url\":\"https:\/\/gattonirubinetteria.com\/wp-content\/uploads\/2022\/12\/gattoni-rubinetteria-logo.png\",\"contentUrl\":\"https:\/\/gattonirubinetteria.com\/wp-content\/uploads\/2022\/12\/gattoni-rubinetteria-logo.png\",\"width\":756,\"height\":223,\"caption\":\"Gattoni Rubinetteria S.p.A\"},\"image\":{\"@id\":\"https:\/\/gattonirubinetteria.com\/pt-pt\/#\/schema\/logo\/image\/\"},\"sameAs\":[\"https:\/\/www.facebook.com\/gattoniwaterinlove\",\"https:\/\/www.instagram.com\/gattonirubinetteria_official\/\",\"https:\/\/www.linkedin.com\/company\/gattoni-rubinetteria\/\"]}]}<\/script>\n<!-- \/ Yoast SEO plugin. -->","yoast_head_json":{"title":"G News - Gattoni Rubinetteria","description":"Contatta lo staff Di Gattoni Rubinetteria S.p.A. per tutte le tue esigenze riguardanti i nostri prodotti e le nostre finiture.","robots":{"index":"index","follow":"follow","max-snippet":"max-snippet:-1","max-image-preview":"max-image-preview:large","max-video-preview":"max-video-preview:-1"},"canonical":"https:\/\/gattonirubinetteria.it\/pt-pt\/g-news\/","og_locale":"pt_PT","og_type":"article","og_title":"G News - Gattoni Rubinetteria","og_description":"Contatta lo staff Di Gattoni Rubinetteria S.p.A. per tutte le tue esigenze riguardanti i nostri prodotti e le nostre finiture.","og_url":"https:\/\/gattonirubinetteria.it\/pt-pt\/g-news\/","og_site_name":"Gattoni Rubinetteria","article_publisher":"https:\/\/www.facebook.com\/gattoniwaterinlove","article_modified_time":"2023-10-30T10:22:35+00:00","og_image":[{"width":1800,"height":1080,"url":"https:\/\/gattonirubinetteria.it\/wp-content\/uploads\/2023\/06\/Gattoni-linea-industrial.jpg","type":"image\/jpeg"}],"twitter_card":"summary_large_image","twitter_misc":{"Tempo estimado de leitura":"1 minuto"},"schema":{"@context":"https:\/\/schema.org","@graph":[{"@type":"WebPage","@id":"https:\/\/gattonirubinetteria.it\/pt-pt\/g-news\/","url":"https:\/\/gattonirubinetteria.it\/pt-pt\/g-news\/","name":"G News - Gattoni Rubinetteria","isPartOf":{"@id":"https:\/\/gattonirubinetteria.com\/pt-pt\/#website"},"datePublished":"2023-09-23T13:20:07+00:00","dateModified":"2023-10-30T10:22:35+00:00","description":"Contatta lo staff Di Gattoni Rubinetteria S.p.A. per tutte le tue esigenze riguardanti i nostri prodotti e le nostre finiture.","breadcrumb":{"@id":"https:\/\/gattonirubinetteria.it\/pt-pt\/g-news\/#breadcrumb"},"inLanguage":"pt-PT","potentialAction":[{"@type":"ReadAction","target":["https:\/\/gattonirubinetteria.it\/pt-pt\/g-news\/"]}]},{"@type":"BreadcrumbList","@id":"https:\/\/gattonirubinetteria.it\/pt-pt\/g-news\/#breadcrumb","itemListElement":[{"@type":"ListItem","position":1,"name":"Home","item":"https:\/\/gattonirubinetteria.it\/pt-pt\/"},{"@type":"ListItem","position":2,"name":"G News"}]},{"@type":"WebSite","@id":"https:\/\/gattonirubinetteria.com\/pt-pt\/#website","url":"https:\/\/gattonirubinetteria.com\/pt-pt\/","name":"Gattoni Rubinetteria","description":"WATER IN LOVE","publisher":{"@id":"https:\/\/gattonirubinetteria.com\/pt-pt\/#organization"},"alternateName":"Gattoni Rubinetteria S.p.A","potentialAction":[{"@type":"SearchAction","target":{"@type":"EntryPoint","urlTemplate":"https:\/\/gattonirubinetteria.com\/pt-pt\/?s={search_term_string}"},"query-input":{"@type":"PropertyValueSpecification","valueRequired":true,"valueName":"search_term_string"}}],"inLanguage":"pt-PT"},{"@type":"Organization","@id":"https:\/\/gattonirubinetteria.com\/pt-pt\/#organization","name":"Gattoni Rubinetteria S.p.A","alternateName":"Gattoni","url":"https:\/\/gattonirubinetteria.com\/pt-pt\/","logo":{"@type":"ImageObject","inLanguage":"pt-PT","@id":"https:\/\/gattonirubinetteria.com\/pt-pt\/#\/schema\/logo\/image\/","url":"https:\/\/gattonirubinetteria.com\/wp-content\/uploads\/2022\/12\/gattoni-rubinetteria-logo.png","contentUrl":"https:\/\/gattonirubinetteria.com\/wp-content\/uploads\/2022\/12\/gattoni-rubinetteria-logo.png","width":756,"height":223,"caption":"Gattoni Rubinetteria S.p.A"},"image":{"@id":"https:\/\/gattonirubinetteria.com\/pt-pt\/#\/schema\/logo\/image\/"},"sameAs":["https:\/\/www.facebook.com\/gattoniwaterinlove","https:\/\/www.instagram.com\/gattonirubinetteria_official\/","https:\/\/www.linkedin.com\/company\/gattoni-rubinetteria\/"]}]}},"_links":{"self":[{"href":"https:\/\/gattonirubinetteria.it\/pt-pt\/wp-json\/wp\/v2\/pages\/16534","targetHints":{"allow":["GET"]}}],"collection":[{"href":"https:\/\/gattonirubinetteria.it\/pt-pt\/wp-json\/wp\/v2\/pages"}],"about":[{"href":"https:\/\/gattonirubinetteria.it\/pt-pt\/wp-json\/wp\/v2\/types\/page"}],"author":[{"embeddable":true,"href":"https:\/\/gattonirubinetteria.it\/pt-pt\/wp-json\/wp\/v2\/users\/2"}],"replies":[{"embeddable":true,"href":"https:\/\/gattonirubinetteria.it\/pt-pt\/wp-json\/wp\/v2\/comments?post=16534"}],"version-history":[{"count":3,"href":"https:\/\/gattonirubinetteria.it\/pt-pt\/wp-json\/wp\/v2\/pages\/16534\/revisions"}],"predecessor-version":[{"id":16568,"href":"https:\/\/gattonirubinetteria.it\/pt-pt\/wp-json\/wp\/v2\/pages\/16534\/revisions\/16568"}],"wp:attachment":[{"href":"https:\/\/gattonirubinetteria.it\/pt-pt\/wp-json\/wp\/v2\/media?parent=16534"}],"curies":[{"name":"wp","href":"https:\/\/api.w.org\/{rel}","templated":true}]}}