{"id":16535,"date":"2023-09-22T12:39:49","date_gmt":"2023-09-22T12:39:49","guid":{"rendered":"https:\/\/gattonirubinetteria.it\/g-video\/"},"modified":"2024-11-19T15:35:00","modified_gmt":"2024-11-19T15:35:00","slug":"g-video","status":"publish","type":"page","link":"https:\/\/gattonirubinetteria.it\/pt-pt\/g-video\/","title":{"rendered":"G Video"},"content":{"rendered":"<div class=\"wpb-content-wrapper\"><p>[vc_row row_height_percent=&#8221;47&#8243; back_image=&#8221;4977&#8243; back_repeat=&#8221;no-repeat&#8221; kburns=&#8221;yes&#8221; overlay_alpha=&#8221;50&#8243; gutter_size=&#8221;3&#8243; column_width_percent=&#8221;100&#8243; shift_y=&#8221;0&#8243; z_index=&#8221;0&#8243; uncode_shortcode_id=&#8221;139799&#8243;][vc_column column_width_percent=&#8221;100&#8243; position_vertical=&#8221;middle&#8221; gutter_size=&#8221;3&#8243; overlay_alpha=&#8221;50&#8243; shift_x=&#8221;0&#8243; shift_y=&#8221;0&#8243; shift_y_down=&#8221;0&#8243; z_index=&#8221;0&#8243; medium_width=&#8221;0&#8243; mobile_width=&#8221;0&#8243; width=&#8221;1\/1&#8243; mobile_height=&#8221;340&#8243; uncode_shortcode_id=&#8221;829239&#8243;][vc_custom_heading text_color=&#8221;color-xsdn&#8221; heading_semantic=&#8221;h1&#8243; text_size=&#8221;fontsize-990664&#8243; text_weight=&#8221;700&#8243; uncode_shortcode_id=&#8221;112187&#8243; text_color_type=&#8221;uncode-palette&#8221;]G Video[\/vc_custom_heading][\/vc_column][\/vc_row][vc_row row_height_percent=&#8221;0&#8243; override_padding=&#8221;yes&#8221; h_padding=&#8221;2&#8243; top_padding=&#8221;1&#8243; bottom_padding=&#8221;4&#8243; back_color=&#8221;color-wayh&#8221; overlay_alpha=&#8221;50&#8243; gutter_size=&#8221;3&#8243; column_width_percent=&#8221;100&#8243; shift_y=&#8221;0&#8243; z_index=&#8221;0&#8243; uncode_shortcode_id=&#8221;179727&#8243; back_color_type=&#8221;uncode-palette&#8221; css=&#8221;.vc_custom_1695470344540{padding-top: 60px !important;padding-bottom: 30px !important;}&#8221;][vc_column column_width_percent=&#8221;100&#8243; position_vertical=&#8221;middle&#8221; align_horizontal=&#8221;align_center&#8221; gutter_size=&#8221;0&#8243; style=&#8221;dark&#8221; overlay_alpha=&#8221;50&#8243; shift_x=&#8221;0&#8243; shift_y=&#8221;0&#8243; shift_y_down=&#8221;0&#8243; z_index=&#8221;0&#8243; medium_width=&#8221;0&#8243; mobile_width=&#8221;0&#8243; width=&#8221;1\/1&#8243; uncode_shortcode_id=&#8221;213369&#8243;][vc_custom_heading heading_semantic=&#8221;h3&#8243; text_size=&#8221;fontsize-464811&#8243; text_weight=&#8221;400&#8243; text_transform=&#8221;uppercase&#8221; text_space=&#8221;fontspace-378815&#8243; sub_reduced=&#8221;yes&#8221; uncode_shortcode_id=&#8221;615713&#8243;]g video[\/vc_custom_heading][vc_custom_heading heading_semantic=&#8221;h1&#8243; text_size=&#8221;h1&#8243; text_weight=&#8221;700&#8243; separator=&#8221;yes&#8221; separator_color=&#8221;yes&#8221; sub_lead=&#8221;small&#8221; uncode_shortcode_id=&#8221;106713&#8243;]A arte do 100% Made in Italy[\/vc_custom_heading][vc_empty_space empty_h=&#8221;2&#8243;][vc_row_inner][vc_column_inner width=&#8221;1\/1&#8243;][vc_column_text text_color=&#8221;color-xsdn&#8221; uncode_shortcode_id=&#8221;329279&#8243; text_color_type=&#8221;uncode-palette&#8221; css=&#8221;.vc_custom_1698660558561{margin-top: 20px !important;margin-bottom: 20px !important;}&#8221;]<\/p>\n<p style=\"text-align: center;\">Mergulhe no cora\u00e7\u00e3o da produ\u00e7\u00e3o da Gattoni Rubinetteria e descubra como cada produto \u00e9 criado, desde a primeira ideia at\u00e9 ao design final. Este v\u00eddeo oferece uma vis\u00e3o detalhada de todo o nosso processo de trabalho, destacando a habilidade, paix\u00e3o e dedica\u00e7\u00e3o de todos aqueles que trabalham connosco. Uma viagem fascinante atrav\u00e9s da ess\u00eancia do verdadeiro Made in Italy, onde a tradi\u00e7\u00e3o encontra a inova\u00e7\u00e3o. Gattoni Rubinetteria orgulha-se de garantir uma produ\u00e7\u00e3o 100% Made in Italy, sin\u00f3nimo de qualidade, excel\u00eancia de design e autenticidade.<\/p>\n<p>[\/vc_column_text][vc_column_text uncode_shortcode_id=&#8221;724364&#8243;]https:\/\/vimeo.com\/867099037?share=copy[\/vc_column_text][vc_empty_space empty_h=&#8221;2&#8243;][vc_column_text uncode_shortcode_id=&#8221;108382&#8243;]https:\/\/vimeo.com\/1029650920[\/vc_column_text][\/vc_column_inner][\/vc_row_inner][\/vc_column][\/vc_row][vc_row row_height_percent=&#8221;0&#8243; override_padding=&#8221;yes&#8221; h_padding=&#8221;2&#8243; top_padding=&#8221;1&#8243; bottom_padding=&#8221;4&#8243; back_color=&#8221;color-wayh&#8221; overlay_alpha=&#8221;50&#8243; gutter_size=&#8221;3&#8243; column_width_percent=&#8221;100&#8243; shift_y=&#8221;0&#8243; z_index=&#8221;0&#8243; uncode_shortcode_id=&#8221;179727&#8243; back_color_type=&#8221;uncode-palette&#8221; css=&#8221;.vc_custom_1695470344540{padding-top: 60px !important;padding-bottom: 30px !important;}&#8221;][vc_column column_width_percent=&#8221;100&#8243; position_vertical=&#8221;middle&#8221; align_horizontal=&#8221;align_center&#8221; gutter_size=&#8221;0&#8243; style=&#8221;dark&#8221; overlay_alpha=&#8221;50&#8243; shift_x=&#8221;0&#8243; shift_y=&#8221;0&#8243; shift_y_down=&#8221;0&#8243; z_index=&#8221;0&#8243; medium_width=&#8221;0&#8243; mobile_width=&#8221;0&#8243; width=&#8221;1\/1&#8243; uncode_shortcode_id=&#8221;213369&#8243;][vc_row_inner limit_content=&#8221;&#8221;][vc_column_inner column_width_percent=&#8221;100&#8243; align_horizontal=&#8221;align_center&#8221; gutter_size=&#8221;0&#8243; style=&#8221;dark&#8221; overlay_alpha=&#8221;50&#8243; shift_x=&#8221;0&#8243; shift_y=&#8221;0&#8243; shift_y_down=&#8221;0&#8243; z_index=&#8221;0&#8243; medium_width=&#8221;0&#8243; mobile_width=&#8221;0&#8243; width=&#8221;1\/3&#8243; uncode_shortcode_id=&#8221;307978&#8243; css=&#8221;.vc_custom_1695473676882{padding-top: 90px !important;}&#8221;][vc_custom_heading heading_semantic=&#8221;h3&#8243; text_size=&#8221;h3&#8243; text_weight=&#8221;500&#8243; sub_lead=&#8221;small&#8221; uncode_shortcode_id=&#8221;545677&#8243;]Kubik[\/vc_custom_heading][vc_custom_heading heading_semantic=&#8221;h3&#8243; text_size=&#8221;fontsize-464811&#8243; text_weight=&#8221;400&#8243; text_transform=&#8221;uppercase&#8221; text_space=&#8221;fontspace-378815&#8243; sub_reduced=&#8221;yes&#8221; uncode_shortcode_id=&#8221;937947&#8243;]Geometric Minimalism[\/vc_custom_heading][vc_column_text uncode_shortcode_id=&#8221;188811&#8243; css=&#8221;.vc_custom_1702984648773{margin-top: 0px !important;padding-top: 0px !important;}&#8221;]<\/p>\n<div style=\"padding: 125% 0 0 0; position: relative;\"><iframe style=\"position: absolute; top: 0; left: 0; width: 100%; height: 500px;\" title=\"Serie Kubik | Geometric Minimalism\" src=\"https:\/\/player.vimeo.com\/video\/894880955?badge=0&amp;autopause=0&amp;player_id=0&amp;app_id=58479\" frameborder=\"0\"><\/iframe><\/div>\n<p><script src=\"https:\/\/player.vimeo.com\/api\/player.js\"><\/script>[\/vc_column_text][\/vc_column_inner][vc_column_inner column_width_percent=&#8221;100&#8243; align_horizontal=&#8221;align_center&#8221; gutter_size=&#8221;0&#8243; style=&#8221;dark&#8221; overlay_alpha=&#8221;50&#8243; shift_x=&#8221;0&#8243; shift_y=&#8221;0&#8243; shift_y_down=&#8221;0&#8243; z_index=&#8221;0&#8243; medium_width=&#8221;0&#8243; mobile_width=&#8221;0&#8243; width=&#8221;1\/3&#8243; uncode_shortcode_id=&#8221;204486&#8243; css=&#8221;.vc_custom_1695473824291{padding-top: 90px !important;}&#8221;][vc_custom_heading heading_semantic=&#8221;h3&#8243; text_size=&#8221;h3&#8243; text_weight=&#8221;500&#8243; sub_lead=&#8221;small&#8221; uncode_shortcode_id=&#8221;121407&#8243;]H2OMIX 7000[\/vc_custom_heading][vc_custom_heading heading_semantic=&#8221;h3&#8243; text_size=&#8221;fontsize-464811&#8243; text_weight=&#8221;400&#8243; text_transform=&#8221;uppercase&#8221; text_space=&#8221;fontspace-378815&#8243; sub_reduced=&#8221;yes&#8221; uncode_shortcode_id=&#8221;607869&#8243;]Simple and essential lines[\/vc_custom_heading][vc_column_text uncode_shortcode_id=&#8221;158036&#8243; css=&#8221;.vc_custom_1702984823284{margin-top: 0px !important;padding-top: 0px !important;}&#8221;]<\/p>\n<div style=\"padding: 100% 0 0 0; position: relative;\"><iframe style=\"position: absolute; top: 0; left: 0; width: 100%; height: 500px;\" title=\"H2OMIX 7000 | Simple and essential lines\" src=\"https:\/\/player.vimeo.com\/video\/894879778?h=eae5bf8857\" frameborder=\"0\"><\/iframe><\/div>\n<p><script src=\"https:\/\/player.vimeo.com\/api\/player.js\"><\/script>[\/vc_column_text][\/vc_column_inner][vc_column_inner column_width_percent=&#8221;100&#8243; align_horizontal=&#8221;align_center&#8221; gutter_size=&#8221;0&#8243; style=&#8221;dark&#8221; overlay_alpha=&#8221;50&#8243; shift_x=&#8221;0&#8243; shift_y=&#8221;0&#8243; shift_y_down=&#8221;0&#8243; z_index=&#8221;0&#8243; medium_width=&#8221;0&#8243; mobile_width=&#8221;0&#8243; width=&#8221;1\/3&#8243; uncode_shortcode_id=&#8221;111427&#8243; css=&#8221;.vc_custom_1695473793863{padding-top: 90px !important;}&#8221;][vc_custom_heading heading_semantic=&#8221;h3&#8243; text_size=&#8221;h3&#8243; text_weight=&#8221;500&#8243; sub_lead=&#8221;small&#8221; uncode_shortcode_id=&#8221;130628&#8243;]Soffio[\/vc_custom_heading][vc_custom_heading heading_semantic=&#8221;h3&#8243; text_size=&#8221;fontsize-464811&#8243; text_weight=&#8221;400&#8243; text_transform=&#8221;uppercase&#8221; text_space=&#8221;fontspace-378815&#8243; sub_reduced=&#8221;yes&#8221; uncode_shortcode_id=&#8221;694605&#8243;]Dynamic Ergonomics[\/vc_custom_heading][vc_column_text uncode_shortcode_id=&#8221;147554&#8243; css=&#8221;.vc_custom_1702985263257{margin-top: 0px !important;padding-top: 0px !important;}&#8221;]<\/p>\n<div style=\"padding: 100% 0 0 0; position: relative;\"><iframe style=\"position: absolute; top: 0; left: 0; width: 100%; height: 500px;\" title=\"Soffio | Dynamic Ergonomics\" src=\"https:\/\/player.vimeo.com\/video\/894877799?h=b1ec26aa5d\" frameborder=\"0\"><\/iframe><\/div>\n<p><script src=\"https:\/\/player.vimeo.com\/api\/player.js\"><\/script>[\/vc_column_text][\/vc_column_inner][\/vc_row_inner][vc_row_inner][vc_column_inner column_width_percent=&#8221;100&#8243; align_horizontal=&#8221;align_center&#8221; gutter_size=&#8221;0&#8243; style=&#8221;dark&#8221; overlay_alpha=&#8221;50&#8243; shift_x=&#8221;0&#8243; shift_y=&#8221;0&#8243; shift_y_down=&#8221;0&#8243; z_index=&#8221;0&#8243; medium_width=&#8221;0&#8243; mobile_width=&#8221;0&#8243; width=&#8221;1\/3&#8243; uncode_shortcode_id=&#8221;307978&#8243; css=&#8221;.vc_custom_1695473676882{padding-top: 90px !important;}&#8221;][vc_custom_heading heading_semantic=&#8221;h3&#8243; text_size=&#8221;h3&#8243; text_weight=&#8221;500&#8243; sub_lead=&#8221;small&#8221; uncode_shortcode_id=&#8221;458549&#8243;]Circle One[\/vc_custom_heading][vc_custom_heading heading_semantic=&#8221;h3&#8243; text_size=&#8221;fontsize-464811&#8243; text_weight=&#8221;400&#8243; text_transform=&#8221;uppercase&#8221; text_space=&#8221;fontspace-378815&#8243; sub_reduced=&#8221;yes&#8221; uncode_shortcode_id=&#8221;761221&#8243;]Fresh Elegance[\/vc_custom_heading][vc_column_text uncode_shortcode_id=&#8221;416675&#8243; css=&#8221;.vc_custom_1695473488819{margin-top: 0px !important;padding-top: 0px !important;}&#8221;]<\/p>\n<div style=\"padding: 125% 0 0 0; position: relative;\"><iframe style=\"position: absolute; top: 0; left: 0; width: 100%; height: 500px;\" title=\"Serie Circle One | Fresh Elegance\" src=\"https:\/\/player.vimeo.com\/video\/867193552?badge=0&amp;autopause=0&amp;player_id=0&amp;app_id=58479\" frameborder=\"0\"><\/iframe><\/div>\n<p><script src=\"https:\/\/player.vimeo.com\/api\/player.js\"><\/script>[\/vc_column_text][\/vc_column_inner][vc_column_inner column_width_percent=&#8221;100&#8243; align_horizontal=&#8221;align_center&#8221; gutter_size=&#8221;0&#8243; style=&#8221;dark&#8221; overlay_alpha=&#8221;50&#8243; shift_x=&#8221;0&#8243; shift_y=&#8221;0&#8243; shift_y_down=&#8221;0&#8243; z_index=&#8221;0&#8243; medium_width=&#8221;0&#8243; mobile_width=&#8221;0&#8243; width=&#8221;1\/3&#8243; uncode_shortcode_id=&#8221;204486&#8243; css=&#8221;.vc_custom_1695473824291{padding-top: 90px !important;}&#8221;][vc_custom_heading heading_semantic=&#8221;h3&#8243; text_size=&#8221;h3&#8243; text_weight=&#8221;500&#8243; sub_lead=&#8221;small&#8221; uncode_shortcode_id=&#8221;458549&#8243;]Circle One[\/vc_custom_heading][vc_custom_heading heading_semantic=&#8221;h3&#8243; text_size=&#8221;fontsize-464811&#8243; text_weight=&#8221;400&#8243; text_transform=&#8221;uppercase&#8221; text_space=&#8221;fontspace-378815&#8243; sub_reduced=&#8221;yes&#8221; uncode_shortcode_id=&#8221;188229&#8243;]Designing Elegance[\/vc_custom_heading][vc_column_text uncode_shortcode_id=&#8221;862839&#8243; css=&#8221;.vc_custom_1695473626355{margin-top: 0px !important;padding-top: 0px !important;}&#8221;]<\/p>\n<div style=\"padding: 100% 0 0 0; position: relative;\"><iframe style=\"position: absolute; top: 0; left: 0; width: 100%; height: 500px;\" title=\"Serie Circle One | Designing Elegance\" src=\"https:\/\/player.vimeo.com\/video\/867194819?badge=0&amp;autopause=0&amp;player_id=0&amp;app_id=58479\" frameborder=\"0\"><\/iframe><\/div>\n<p><script src=\"https:\/\/player.vimeo.com\/api\/player.js\"><\/script>[\/vc_column_text][\/vc_column_inner][vc_column_inner column_width_percent=&#8221;100&#8243; align_horizontal=&#8221;align_center&#8221; gutter_size=&#8221;0&#8243; style=&#8221;dark&#8221; overlay_alpha=&#8221;50&#8243; shift_x=&#8221;0&#8243; shift_y=&#8221;0&#8243; shift_y_down=&#8221;0&#8243; z_index=&#8221;0&#8243; medium_width=&#8221;0&#8243; mobile_width=&#8221;0&#8243; width=&#8221;1\/3&#8243; uncode_shortcode_id=&#8221;111427&#8243; css=&#8221;.vc_custom_1695473793863{padding-top: 90px !important;}&#8221;][vc_custom_heading heading_semantic=&#8221;h3&#8243; text_size=&#8221;h3&#8243; text_weight=&#8221;500&#8243; sub_lead=&#8221;small&#8221; uncode_shortcode_id=&#8221;196438&#8243;]T_K[\/vc_custom_heading][vc_custom_heading heading_semantic=&#8221;h3&#8243; text_size=&#8221;fontsize-464811&#8243; text_weight=&#8221;400&#8243; text_transform=&#8221;uppercase&#8221; text_space=&#8221;fontspace-378815&#8243; sub_reduced=&#8221;yes&#8221; uncode_shortcode_id=&#8221;132703&#8243;]Declining beauty[\/vc_custom_heading][vc_column_text uncode_shortcode_id=&#8221;123972&#8243; css=&#8221;.vc_custom_1695473814699{margin-top: 0px !important;padding-top: 0px !important;}&#8221;]<\/p>\n<div style=\"padding: 100% 0 0 0; position: relative;\"><iframe style=\"position: absolute; top: 0; left: 0; width: 100%; height: 500px;\" title=\"Presentazione TK.mp4\" src=\"https:\/\/player.vimeo.com\/video\/867447688?badge=0&amp;autopause=0&amp;player_id=0&amp;app_id=58479\" frameborder=\"0\"><\/iframe><\/div>\n<p><script src=\"https:\/\/player.vimeo.com\/api\/player.js\"><\/script>[\/vc_column_text][\/vc_column_inner][\/vc_row_inner][\/vc_column][\/vc_row][vc_row row_height_percent=&#8221;0&#8243; override_padding=&#8221;yes&#8221; h_padding=&#8221;2&#8243; top_padding=&#8221;1&#8243; bottom_padding=&#8221;4&#8243; back_color=&#8221;color-wayh&#8221; overlay_alpha=&#8221;50&#8243; gutter_size=&#8221;3&#8243; column_width_percent=&#8221;100&#8243; shift_y=&#8221;0&#8243; z_index=&#8221;0&#8243; uncode_shortcode_id=&#8221;179727&#8243; back_color_type=&#8221;uncode-palette&#8221; css=&#8221;.vc_custom_1695470344540{padding-top: 60px !important;padding-bottom: 30px !important;}&#8221;][vc_column column_width_percent=&#8221;100&#8243; position_vertical=&#8221;middle&#8221; align_horizontal=&#8221;align_center&#8221; gutter_size=&#8221;0&#8243; style=&#8221;dark&#8221; overlay_alpha=&#8221;50&#8243; shift_x=&#8221;0&#8243; shift_y=&#8221;0&#8243; shift_y_down=&#8221;0&#8243; z_index=&#8221;0&#8243; medium_width=&#8221;0&#8243; mobile_width=&#8221;0&#8243; width=&#8221;1\/1&#8243; uncode_shortcode_id=&#8221;213369&#8243;][vc_custom_heading heading_semantic=&#8221;h3&#8243; text_size=&#8221;fontsize-464811&#8243; text_weight=&#8221;400&#8243; text_transform=&#8221;uppercase&#8221; text_space=&#8221;fontspace-378815&#8243; sub_reduced=&#8221;yes&#8221; uncode_shortcode_id=&#8221;615713&#8243;]g video[\/vc_custom_heading][vc_custom_heading heading_semantic=&#8221;h1&#8243; text_size=&#8221;h1&#8243; text_weight=&#8221;700&#8243; separator=&#8221;yes&#8221; separator_color=&#8221;yes&#8221; sub_lead=&#8221;small&#8221; uncode_shortcode_id=&#8221;137165&#8243;]Gattoni Rubinetteria na Cersaie 2023[\/vc_custom_heading][vc_empty_space empty_h=&#8221;2&#8243;][vc_row_inner][vc_column_inner width=&#8221;1\/1&#8243;][vc_column_text text_color=&#8221;color-xsdn&#8221; uncode_shortcode_id=&#8221;132659&#8243; text_color_type=&#8221;uncode-palette&#8221; css=&#8221;.vc_custom_1698660889822{margin-top: 20px !important;margin-bottom: 20px !important;}&#8221;]<\/p>\n<p style=\"text-align: center;\">Reviva os destaques da Gattoni Rubinetteria na #Cersaie2023! Este v\u00eddeo resume a paix\u00e3o, a inova\u00e7\u00e3o e os encontros de uma bela semana. Obrigado por partilhar esta viagem connosco.<\/p>\n<p>[\/vc_column_text][vc_column_text uncode_shortcode_id=&#8221;133822&#8243;]https:\/\/vimeo.com\/869504543[\/vc_column_text][vc_empty_space empty_h=&#8221;2&#8243;][\/vc_column_inner][\/vc_row_inner][\/vc_column][\/vc_row]<\/p>\n<\/div>","protected":false},"excerpt":{"rendered":"<p>[vc_row row_height_percent=&#8221;47&#8243; back_image=&#8221;4977&#8243; back_repeat=&#8221;no-repeat&#8221; kburns=&#8221;yes&#8221; overlay_alpha=&#8221;50&#8243; gutter_size=&#8221;3&#8243; column_width_percent=&#8221;100&#8243; shift_y=&#8221;0&#8243; z_index=&#8221;0&#8243; uncode_shortcode_id=&#8221;139799&#8243;][vc_column column_width_percent=&#8221;100&#8243; position_vertical=&#8221;middle&#8221; gutter_size=&#8221;3&#8243; overlay_alpha=&#8221;50&#8243; shift_x=&#8221;0&#8243; shift_y=&#8221;0&#8243; shift_y_down=&#8221;0&#8243; z_index=&#8221;0&#8243; medium_width=&#8221;0&#8243; [&hellip;]<\/p>\n","protected":false},"author":2,"featured_media":0,"parent":0,"menu_order":0,"comment_status":"closed","ping_status":"closed","template":"","meta":{"footnotes":""},"class_list":["post-16535","page","type-page","status-publish","hentry"],"acf":[],"yoast_head":"<!-- This site is optimized with the Yoast SEO plugin v24.8.1 - https:\/\/yoast.com\/wordpress\/plugins\/seo\/ -->\n<title>G Video - Gattoni Rubinetteria<\/title>\n<meta name=\"description\" content=\"Contatta lo staff Di Gattoni Rubinetteria S.p.A. per tutte le tue esigenze riguardanti i nostri prodotti e le nostre finiture.\" \/>\n<meta name=\"robots\" content=\"index, follow, max-snippet:-1, max-image-preview:large, max-video-preview:-1\" \/>\n<link rel=\"canonical\" href=\"https:\/\/gattonirubinetteria.it\/pt-pt\/g-video\/\" \/>\n<meta property=\"og:locale\" content=\"pt_PT\" \/>\n<meta property=\"og:type\" content=\"article\" \/>\n<meta property=\"og:title\" content=\"G Video - Gattoni Rubinetteria\" \/>\n<meta property=\"og:description\" content=\"Contatta lo staff Di Gattoni Rubinetteria S.p.A. per tutte le tue esigenze riguardanti i nostri prodotti e le nostre finiture.\" \/>\n<meta property=\"og:url\" content=\"https:\/\/gattonirubinetteria.it\/pt-pt\/g-video\/\" \/>\n<meta property=\"og:site_name\" content=\"Gattoni Rubinetteria\" \/>\n<meta property=\"article:publisher\" content=\"https:\/\/www.facebook.com\/gattoniwaterinlove\" \/>\n<meta property=\"article:modified_time\" content=\"2024-11-19T15:35:00+00:00\" \/>\n<meta property=\"og:image\" content=\"https:\/\/gattonirubinetteria.it\/wp-content\/uploads\/2023\/06\/Gattoni-linea-industrial.jpg\" \/>\n\t<meta property=\"og:image:width\" content=\"1800\" \/>\n\t<meta property=\"og:image:height\" content=\"1080\" \/>\n\t<meta property=\"og:image:type\" content=\"image\/jpeg\" \/>\n<meta name=\"twitter:card\" content=\"summary_large_image\" \/>\n<meta name=\"twitter:label1\" content=\"Tempo estimado de leitura\" \/>\n\t<meta name=\"twitter:data1\" content=\"3 minutos\" \/>\n<script type=\"application\/ld+json\" class=\"yoast-schema-graph\">{\"@context\":\"https:\/\/schema.org\",\"@graph\":[{\"@type\":\"WebPage\",\"@id\":\"https:\/\/gattonirubinetteria.it\/pt-pt\/g-video\/\",\"url\":\"https:\/\/gattonirubinetteria.it\/pt-pt\/g-video\/\",\"name\":\"G Video - Gattoni Rubinetteria\",\"isPartOf\":{\"@id\":\"https:\/\/gattonirubinetteria.it\/pt-pt\/#website\"},\"datePublished\":\"2023-09-22T12:39:49+00:00\",\"dateModified\":\"2024-11-19T15:35:00+00:00\",\"description\":\"Contatta lo staff Di Gattoni Rubinetteria S.p.A. per tutte le tue esigenze riguardanti i nostri prodotti e le nostre finiture.\",\"breadcrumb\":{\"@id\":\"https:\/\/gattonirubinetteria.it\/pt-pt\/g-video\/#breadcrumb\"},\"inLanguage\":\"pt-PT\",\"potentialAction\":[{\"@type\":\"ReadAction\",\"target\":[\"https:\/\/gattonirubinetteria.it\/pt-pt\/g-video\/\"]}]},{\"@type\":\"BreadcrumbList\",\"@id\":\"https:\/\/gattonirubinetteria.it\/pt-pt\/g-video\/#breadcrumb\",\"itemListElement\":[{\"@type\":\"ListItem\",\"position\":1,\"name\":\"Home\",\"item\":\"https:\/\/gattonirubinetteria.it\/pt-pt\/\"},{\"@type\":\"ListItem\",\"position\":2,\"name\":\"G Video\"}]},{\"@type\":\"WebSite\",\"@id\":\"https:\/\/gattonirubinetteria.it\/pt-pt\/#website\",\"url\":\"https:\/\/gattonirubinetteria.it\/pt-pt\/\",\"name\":\"Gattoni Rubinetteria\",\"description\":\"WATER IN LOVE\",\"publisher\":{\"@id\":\"https:\/\/gattonirubinetteria.it\/pt-pt\/#organization\"},\"alternateName\":\"Gattoni Rubinetteria S.p.A\",\"potentialAction\":[{\"@type\":\"SearchAction\",\"target\":{\"@type\":\"EntryPoint\",\"urlTemplate\":\"https:\/\/gattonirubinetteria.it\/pt-pt\/?s={search_term_string}\"},\"query-input\":{\"@type\":\"PropertyValueSpecification\",\"valueRequired\":true,\"valueName\":\"search_term_string\"}}],\"inLanguage\":\"pt-PT\"},{\"@type\":\"Organization\",\"@id\":\"https:\/\/gattonirubinetteria.it\/pt-pt\/#organization\",\"name\":\"Gattoni Rubinetteria S.p.A\",\"alternateName\":\"Gattoni\",\"url\":\"https:\/\/gattonirubinetteria.it\/pt-pt\/\",\"logo\":{\"@type\":\"ImageObject\",\"inLanguage\":\"pt-PT\",\"@id\":\"https:\/\/gattonirubinetteria.it\/pt-pt\/#\/schema\/logo\/image\/\",\"url\":\"https:\/\/gattonirubinetteria.com\/wp-content\/uploads\/2022\/12\/gattoni-rubinetteria-logo.png\",\"contentUrl\":\"https:\/\/gattonirubinetteria.com\/wp-content\/uploads\/2022\/12\/gattoni-rubinetteria-logo.png\",\"width\":756,\"height\":223,\"caption\":\"Gattoni Rubinetteria S.p.A\"},\"image\":{\"@id\":\"https:\/\/gattonirubinetteria.it\/pt-pt\/#\/schema\/logo\/image\/\"},\"sameAs\":[\"https:\/\/www.facebook.com\/gattoniwaterinlove\",\"https:\/\/www.instagram.com\/gattonirubinetteria_official\/\",\"https:\/\/www.linkedin.com\/company\/gattoni-rubinetteria\/\"]}]}<\/script>\n<!-- \/ Yoast SEO plugin. -->","yoast_head_json":{"title":"G Video - Gattoni Rubinetteria","description":"Contatta lo staff Di Gattoni Rubinetteria S.p.A. per tutte le tue esigenze riguardanti i nostri prodotti e le nostre finiture.","robots":{"index":"index","follow":"follow","max-snippet":"max-snippet:-1","max-image-preview":"max-image-preview:large","max-video-preview":"max-video-preview:-1"},"canonical":"https:\/\/gattonirubinetteria.it\/pt-pt\/g-video\/","og_locale":"pt_PT","og_type":"article","og_title":"G Video - Gattoni Rubinetteria","og_description":"Contatta lo staff Di Gattoni Rubinetteria S.p.A. per tutte le tue esigenze riguardanti i nostri prodotti e le nostre finiture.","og_url":"https:\/\/gattonirubinetteria.it\/pt-pt\/g-video\/","og_site_name":"Gattoni Rubinetteria","article_publisher":"https:\/\/www.facebook.com\/gattoniwaterinlove","article_modified_time":"2024-11-19T15:35:00+00:00","og_image":[{"width":1800,"height":1080,"url":"https:\/\/gattonirubinetteria.it\/wp-content\/uploads\/2023\/06\/Gattoni-linea-industrial.jpg","type":"image\/jpeg"}],"twitter_card":"summary_large_image","twitter_misc":{"Tempo estimado de leitura":"3 minutos"},"schema":{"@context":"https:\/\/schema.org","@graph":[{"@type":"WebPage","@id":"https:\/\/gattonirubinetteria.it\/pt-pt\/g-video\/","url":"https:\/\/gattonirubinetteria.it\/pt-pt\/g-video\/","name":"G Video - Gattoni Rubinetteria","isPartOf":{"@id":"https:\/\/gattonirubinetteria.it\/pt-pt\/#website"},"datePublished":"2023-09-22T12:39:49+00:00","dateModified":"2024-11-19T15:35:00+00:00","description":"Contatta lo staff Di Gattoni Rubinetteria S.p.A. per tutte le tue esigenze riguardanti i nostri prodotti e le nostre finiture.","breadcrumb":{"@id":"https:\/\/gattonirubinetteria.it\/pt-pt\/g-video\/#breadcrumb"},"inLanguage":"pt-PT","potentialAction":[{"@type":"ReadAction","target":["https:\/\/gattonirubinetteria.it\/pt-pt\/g-video\/"]}]},{"@type":"BreadcrumbList","@id":"https:\/\/gattonirubinetteria.it\/pt-pt\/g-video\/#breadcrumb","itemListElement":[{"@type":"ListItem","position":1,"name":"Home","item":"https:\/\/gattonirubinetteria.it\/pt-pt\/"},{"@type":"ListItem","position":2,"name":"G Video"}]},{"@type":"WebSite","@id":"https:\/\/gattonirubinetteria.it\/pt-pt\/#website","url":"https:\/\/gattonirubinetteria.it\/pt-pt\/","name":"Gattoni Rubinetteria","description":"WATER IN LOVE","publisher":{"@id":"https:\/\/gattonirubinetteria.it\/pt-pt\/#organization"},"alternateName":"Gattoni Rubinetteria S.p.A","potentialAction":[{"@type":"SearchAction","target":{"@type":"EntryPoint","urlTemplate":"https:\/\/gattonirubinetteria.it\/pt-pt\/?s={search_term_string}"},"query-input":{"@type":"PropertyValueSpecification","valueRequired":true,"valueName":"search_term_string"}}],"inLanguage":"pt-PT"},{"@type":"Organization","@id":"https:\/\/gattonirubinetteria.it\/pt-pt\/#organization","name":"Gattoni Rubinetteria S.p.A","alternateName":"Gattoni","url":"https:\/\/gattonirubinetteria.it\/pt-pt\/","logo":{"@type":"ImageObject","inLanguage":"pt-PT","@id":"https:\/\/gattonirubinetteria.it\/pt-pt\/#\/schema\/logo\/image\/","url":"https:\/\/gattonirubinetteria.com\/wp-content\/uploads\/2022\/12\/gattoni-rubinetteria-logo.png","contentUrl":"https:\/\/gattonirubinetteria.com\/wp-content\/uploads\/2022\/12\/gattoni-rubinetteria-logo.png","width":756,"height":223,"caption":"Gattoni Rubinetteria S.p.A"},"image":{"@id":"https:\/\/gattonirubinetteria.it\/pt-pt\/#\/schema\/logo\/image\/"},"sameAs":["https:\/\/www.facebook.com\/gattoniwaterinlove","https:\/\/www.instagram.com\/gattonirubinetteria_official\/","https:\/\/www.linkedin.com\/company\/gattoni-rubinetteria\/"]}]}},"_links":{"self":[{"href":"https:\/\/gattonirubinetteria.it\/pt-pt\/wp-json\/wp\/v2\/pages\/16535","targetHints":{"allow":["GET"]}}],"collection":[{"href":"https:\/\/gattonirubinetteria.it\/pt-pt\/wp-json\/wp\/v2\/pages"}],"about":[{"href":"https:\/\/gattonirubinetteria.it\/pt-pt\/wp-json\/wp\/v2\/types\/page"}],"author":[{"embeddable":true,"href":"https:\/\/gattonirubinetteria.it\/pt-pt\/wp-json\/wp\/v2\/users\/2"}],"replies":[{"embeddable":true,"href":"https:\/\/gattonirubinetteria.it\/pt-pt\/wp-json\/wp\/v2\/comments?post=16535"}],"version-history":[{"count":14,"href":"https:\/\/gattonirubinetteria.it\/pt-pt\/wp-json\/wp\/v2\/pages\/16535\/revisions"}],"predecessor-version":[{"id":29118,"href":"https:\/\/gattonirubinetteria.it\/pt-pt\/wp-json\/wp\/v2\/pages\/16535\/revisions\/29118"}],"wp:attachment":[{"href":"https:\/\/gattonirubinetteria.it\/pt-pt\/wp-json\/wp\/v2\/media?parent=16535"}],"curies":[{"name":"wp","href":"https:\/\/api.w.org\/{rel}","templated":true}]}}